{"id":1726,"date":"2025-07-01T09:56:14","date_gmt":"2025-07-01T07:56:14","guid":{"rendered":"https:\/\/xenodochial-taussig.212-227-206-74.plesk.page\/?post_type=product&#038;p=1726"},"modified":"2026-04-13T08:21:07","modified_gmt":"2026-04-13T06:21:07","slug":"embout-decornage-pour-veau-15-mm","status":"publish","type":"product","link":"https:\/\/www.cotraneurope.com\/fr\/hygiene-soins\/ecornage\/embout-decornage-pour-veau-15-mm\/","title":{"rendered":"Embout d\u2019\u00e9cornage pour veau 15 mm"},"content":{"rendered":"<p>&#8211; Embout de rechange pour \u00e9corneur PORTASOL III<br \/>\n&#8211; Pi\u00e8ce d\u2019origine, fabriqu\u00e9e en Europe<br \/>\n&#8211; Diam\u00e8tre de 15 mm recommand\u00e9 pour l\u2019\u00e9cornage des veaux jusqu\u2019\u00e0 3 semaines environ<br \/>\n&#8211; Livr\u00e9 avec vis et \u00e9crou de montage<\/p>\n","protected":false},"excerpt":{"rendered":"<p>Embout de rechange pour \u00e9corneur PORTASOL III. Diam\u00e8tre 15 mm.<br \/>\nCet embout de marque originale PORTASOL permettra l\u2019\u00e9cornage des jeunes veaux \u00e2g\u00e9s jusqu\u2019\u00e0 3 semaines environ.<br \/>\nIl est livr\u00e9 avec la vis et \u00e9crou de fixation. Le changement de l\u2019embout est recommand\u00e9 quand l\u2019embout est devenu trop encombr\u00e9 ou quand le m\u00e9tal commence \u00e0 \u00eatre \u00e9mouss\u00e9.<\/p>\n","protected":false},"featured_media":1730,"comment_status":"closed","ping_status":"closed","template":"","meta":[],"product_brand":[1655],"product_cat":[278,270],"product_tag":[],"class_list":{"0":"post-1726","1":"product","2":"type-product","3":"status-publish","4":"has-post-thumbnail","6":"product_brand-portasol","7":"product_cat-ecornage","8":"product_cat-hygiene-soins","9":"has-post-title","10":"has-post-date","11":"has-post-category","12":"has-post-tag","13":"has-post-comment","14":"has-post-author","15":"","17":"first","18":"instock","19":"taxable","20":"shipping-taxable","21":"purchasable","22":"product-type-simple"},"builder_content":"","_links":{"self":[{"href":"https:\/\/www.cotraneurope.com\/fr\/wp-json\/wp\/v2\/product\/1726","targetHints":{"allow":["GET"]}}],"collection":[{"href":"https:\/\/www.cotraneurope.com\/fr\/wp-json\/wp\/v2\/product"}],"about":[{"href":"https:\/\/www.cotraneurope.com\/fr\/wp-json\/wp\/v2\/types\/product"}],"replies":[{"embeddable":true,"href":"https:\/\/www.cotraneurope.com\/fr\/wp-json\/wp\/v2\/comments?post=1726"}],"wp:featuredmedia":[{"embeddable":true,"href":"https:\/\/www.cotraneurope.com\/fr\/wp-json\/wp\/v2\/media\/1730"}],"wp:attachment":[{"href":"https:\/\/www.cotraneurope.com\/fr\/wp-json\/wp\/v2\/media?parent=1726"}],"wp:term":[{"taxonomy":"product_brand","embeddable":true,"href":"https:\/\/www.cotraneurope.com\/fr\/wp-json\/wp\/v2\/product_brand?post=1726"},{"taxonomy":"product_cat","embeddable":true,"href":"https:\/\/www.cotraneurope.com\/fr\/wp-json\/wp\/v2\/product_cat?post=1726"},{"taxonomy":"product_tag","embeddable":true,"href":"https:\/\/www.cotraneurope.com\/fr\/wp-json\/wp\/v2\/product_tag?post=1726"}],"curies":[{"name":"wp","href":"https:\/\/api.w.org\/{rel}","templated":true}]}}