{"id":1737,"date":"2025-06-30T15:55:27","date_gmt":"2025-06-30T13:55:27","guid":{"rendered":"https:\/\/xenodochial-taussig.212-227-206-74.plesk.page\/?post_type=product&#038;p=1737"},"modified":"2026-04-13T08:21:25","modified_gmt":"2026-04-13T06:21:25","slug":"kit-de-reparation-pour-ecorneur","status":"publish","type":"product","link":"https:\/\/www.cotraneurope.com\/fr\/hygiene-soins\/ecornage\/kit-de-reparation-pour-ecorneur\/","title":{"rendered":"Kit de r\u00e9paration pour \u00e9corneur"},"content":{"rendered":"<p>&#8211; Kit de r\u00e9paration du syst\u00e8me d\u2019injection pour \u00e9corneur PORTASOL III<br \/>\n&#8211; Pi\u00e8ce d\u2019origine, fabriqu\u00e9e en Europe<br \/>\n&#8211; Inclus : Br\u00fbleur venturi, buse d\u2019injection, visserie<br \/>\n&#8211; Livr\u00e9 avec la notice d\u00e9taill\u00e9e d\u2019instruction de montage<\/p>\n","protected":false},"excerpt":{"rendered":"<p>Kit complet pour le remplacement du syst\u00e8me d\u2019injection de votre \u00e9corneur PORTASOL III.<br \/>\nInclus les pi\u00e8ces et les outils n\u00e9cessaires au remplacement du br\u00fbleur et du syst\u00e8me d\u2019injection de l\u2019appareil.<br \/>\nAu fur et \u00e0 mesure du temps, l\u2019appareil accumule des suies et diverses impuret\u00e9s qui peuvent se loger dans le syst\u00e8me d\u2019allumage et nuire \u00e0 son bon fonctionnement ou son efficacit\u00e9.<br \/>\nLe remplacement du syst\u00e8me d\u2019injection de votre appareil \u00e0 \u00e9corner PORTASOL sera en mesure de lui donner une seconde jeunesse.<br \/>\nLe kit est livr\u00e9 avec les instructions de montage.<\/p>\n","protected":false},"featured_media":1738,"comment_status":"closed","ping_status":"closed","template":"","meta":[],"product_brand":[1655],"product_cat":[278,270],"product_tag":[],"class_list":{"0":"post-1737","1":"product","2":"type-product","3":"status-publish","4":"has-post-thumbnail","6":"product_brand-portasol","7":"product_cat-ecornage","8":"product_cat-hygiene-soins","9":"has-post-title","10":"has-post-date","11":"has-post-category","12":"has-post-tag","13":"has-post-comment","14":"has-post-author","15":"","17":"first","18":"instock","19":"taxable","20":"shipping-taxable","21":"product-type-simple"},"builder_content":"","_links":{"self":[{"href":"https:\/\/www.cotraneurope.com\/fr\/wp-json\/wp\/v2\/product\/1737","targetHints":{"allow":["GET"]}}],"collection":[{"href":"https:\/\/www.cotraneurope.com\/fr\/wp-json\/wp\/v2\/product"}],"about":[{"href":"https:\/\/www.cotraneurope.com\/fr\/wp-json\/wp\/v2\/types\/product"}],"replies":[{"embeddable":true,"href":"https:\/\/www.cotraneurope.com\/fr\/wp-json\/wp\/v2\/comments?post=1737"}],"wp:featuredmedia":[{"embeddable":true,"href":"https:\/\/www.cotraneurope.com\/fr\/wp-json\/wp\/v2\/media\/1738"}],"wp:attachment":[{"href":"https:\/\/www.cotraneurope.com\/fr\/wp-json\/wp\/v2\/media?parent=1737"}],"wp:term":[{"taxonomy":"product_brand","embeddable":true,"href":"https:\/\/www.cotraneurope.com\/fr\/wp-json\/wp\/v2\/product_brand?post=1737"},{"taxonomy":"product_cat","embeddable":true,"href":"https:\/\/www.cotraneurope.com\/fr\/wp-json\/wp\/v2\/product_cat?post=1737"},{"taxonomy":"product_tag","embeddable":true,"href":"https:\/\/www.cotraneurope.com\/fr\/wp-json\/wp\/v2\/product_tag?post=1737"}],"curies":[{"name":"wp","href":"https:\/\/api.w.org\/{rel}","templated":true}]}}