{"id":1739,"date":"2025-06-30T15:48:47","date_gmt":"2025-06-30T13:48:47","guid":{"rendered":"https:\/\/xenodochial-taussig.212-227-206-74.plesk.page\/?post_type=product&#038;p=1739"},"modified":"2026-04-13T08:21:30","modified_gmt":"2026-04-13T06:21:30","slug":"bruleur-de-rechange-pour-coupe-queue","status":"publish","type":"product","link":"https:\/\/www.cotraneurope.com\/fr\/hygiene-soins\/reduction-queue\/bruleur-de-rechange-pour-coupe-queue\/","title":{"rendered":"Br\u00fbleur de rechange pour coupe-queue"},"content":{"rendered":"<p>&#8211; Lame-br\u00fbleur de rechange pour coupe-queue \u00e0 gaz<br \/>\n&#8211; Pour gaz butane uniquement<br \/>\n&#8211; Pi\u00e8ce d\u2019origine fabriqu\u00e9e en Europe<br \/>\n&#8211; Syst\u00e8me d\u2019allumage manuel<br \/>\n&#8211; Il est n\u00e9cessaire de retirer la pi\u00e8ce support de lame ainsi que de proc\u00e9der \u00e0 l\u2019extraction du r\u00e9servoir pour changer cette pi\u00e8ce<br \/>\n&#8211; La lame se remplace ensuite tr\u00e8s facilement<\/p>\n","protected":false},"excerpt":{"rendered":"<p>Le br\u00fbleur inclut la lame du coupe queue et est une pi\u00e8ce d\u2019usure normale du coupe-queue \u00e0 gaz.<br \/>\nEn cas de difficult\u00e9s de combustion ou quand l\u2019action de la lame diminue, il est pr\u00e9f\u00e9rable de proc\u00e9der \u00e0 son changement pour continuer \u00e0 garantir l\u2019efficacit\u00e9 de la caut\u00e9risation des queues.<br \/>\nLe changement du br\u00fbleur redonnera une pleine efficacit\u00e9 \u00e0 votre appareil et garantira une temp\u00e9rature suffisante pour la bonne caut\u00e9risation pour l\u2019op\u00e9ration de r\u00e9duction de la queue de vos porcelets.<\/p>\n","protected":false},"featured_media":1740,"comment_status":"closed","ping_status":"closed","template":"","meta":[],"product_brand":[2384],"product_cat":[274,270],"product_tag":[],"class_list":{"0":"post-1739","1":"product","2":"type-product","3":"status-publish","4":"has-post-thumbnail","6":"product_brand-stericut","7":"product_cat-reduction-queue","8":"product_cat-hygiene-soins","9":"has-post-title","10":"has-post-date","11":"has-post-category","12":"has-post-tag","13":"has-post-comment","14":"has-post-author","15":"","17":"first","18":"instock","19":"taxable","20":"shipping-taxable","21":"purchasable","22":"product-type-simple"},"builder_content":"","_links":{"self":[{"href":"https:\/\/www.cotraneurope.com\/fr\/wp-json\/wp\/v2\/product\/1739","targetHints":{"allow":["GET"]}}],"collection":[{"href":"https:\/\/www.cotraneurope.com\/fr\/wp-json\/wp\/v2\/product"}],"about":[{"href":"https:\/\/www.cotraneurope.com\/fr\/wp-json\/wp\/v2\/types\/product"}],"replies":[{"embeddable":true,"href":"https:\/\/www.cotraneurope.com\/fr\/wp-json\/wp\/v2\/comments?post=1739"}],"wp:featuredmedia":[{"embeddable":true,"href":"https:\/\/www.cotraneurope.com\/fr\/wp-json\/wp\/v2\/media\/1740"}],"wp:attachment":[{"href":"https:\/\/www.cotraneurope.com\/fr\/wp-json\/wp\/v2\/media?parent=1739"}],"wp:term":[{"taxonomy":"product_brand","embeddable":true,"href":"https:\/\/www.cotraneurope.com\/fr\/wp-json\/wp\/v2\/product_brand?post=1739"},{"taxonomy":"product_cat","embeddable":true,"href":"https:\/\/www.cotraneurope.com\/fr\/wp-json\/wp\/v2\/product_cat?post=1739"},{"taxonomy":"product_tag","embeddable":true,"href":"https:\/\/www.cotraneurope.com\/fr\/wp-json\/wp\/v2\/product_tag?post=1739"}],"curies":[{"name":"wp","href":"https:\/\/api.w.org\/{rel}","templated":true}]}}