{"id":1741,"date":"2025-06-30T15:40:27","date_gmt":"2025-06-30T13:40:27","guid":{"rendered":"https:\/\/xenodochial-taussig.212-227-206-74.plesk.page\/?post_type=product&#038;p=1741"},"modified":"2026-04-13T08:21:35","modified_gmt":"2026-04-13T06:21:35","slug":"reservoir-a-gaz-de-rechange-pour-coupe-queue","status":"publish","type":"product","link":"https:\/\/www.cotraneurope.com\/fr\/hygiene-soins\/reduction-queue\/reservoir-a-gaz-de-rechange-pour-coupe-queue\/","title":{"rendered":"R\u00e9servoir \u00e0 gaz de rechange pour coupe-queue"},"content":{"rendered":"<p>&#8211; R\u00e9servoir de rechange pour coupe-queue \u00e0 gaz<br \/>\n&#8211; Pour gaz butane uniquement<br \/>\n&#8211; Pi\u00e8ce d\u2019origine fabriqu\u00e9e en Europe<br \/>\n&#8211; Livr\u00e9 avec capuchon de protection de la valve de remplissage du gaz<br \/>\n&#8211; Le remplissage du gaz se fait par gravit\u00e9. Lors de cette op\u00e9ration la valve doit donc \u00eatre tourn\u00e9e vers le haut<br \/>\n&#8211; Nous conseillons de toujours utiliser un gaz butane hautement raffin\u00e9 \u00ab z\u00e9ro impuret\u00e9s \u00bb afin de prolonger la dur\u00e9e de vie du r\u00e9servoir<\/p>\n","protected":false},"excerpt":{"rendered":"<p>R\u00e9servoir de rechange pour coupe-queues \u00e0 gaz. Quand le changement du br\u00fbleur n\u2019a pas suffi \u00e0 redonner toute l\u2019efficacit\u00e9 attendue \u00e0 votre coupe-queue, il peut \u00eatre n\u00e9cessaire de changer le r\u00e9servoir de gaz.<br \/>\nLe r\u00e9servoir inclut un fin canal d\u2019injection du gaz, qui peut se colmater au fil du temps \u00e0 cause des impuret\u00e9s inject\u00e9es dans le r\u00e9servoir.<br \/>\nCette pi\u00e8ce de rechange inclut la valve de remplissage, une molette de r\u00e9glage du d\u00e9bit du gaz, un bouton d\u2019allumage et le pas de vis permettant d\u2019y connecter le br\u00fbleur \u00e0 lame du coupe-queue.<\/p>\n","protected":false},"featured_media":1742,"comment_status":"closed","ping_status":"closed","template":"","meta":[],"product_brand":[2384],"product_cat":[274,270],"product_tag":[],"class_list":{"0":"post-1741","1":"product","2":"type-product","3":"status-publish","4":"has-post-thumbnail","6":"product_brand-stericut","7":"product_cat-reduction-queue","8":"product_cat-hygiene-soins","9":"has-post-title","10":"has-post-date","11":"has-post-category","12":"has-post-tag","13":"has-post-comment","14":"has-post-author","15":"","17":"first","18":"instock","19":"taxable","20":"shipping-taxable","21":"purchasable","22":"product-type-simple"},"builder_content":"","_links":{"self":[{"href":"https:\/\/www.cotraneurope.com\/fr\/wp-json\/wp\/v2\/product\/1741","targetHints":{"allow":["GET"]}}],"collection":[{"href":"https:\/\/www.cotraneurope.com\/fr\/wp-json\/wp\/v2\/product"}],"about":[{"href":"https:\/\/www.cotraneurope.com\/fr\/wp-json\/wp\/v2\/types\/product"}],"replies":[{"embeddable":true,"href":"https:\/\/www.cotraneurope.com\/fr\/wp-json\/wp\/v2\/comments?post=1741"}],"wp:featuredmedia":[{"embeddable":true,"href":"https:\/\/www.cotraneurope.com\/fr\/wp-json\/wp\/v2\/media\/1742"}],"wp:attachment":[{"href":"https:\/\/www.cotraneurope.com\/fr\/wp-json\/wp\/v2\/media?parent=1741"}],"wp:term":[{"taxonomy":"product_brand","embeddable":true,"href":"https:\/\/www.cotraneurope.com\/fr\/wp-json\/wp\/v2\/product_brand?post=1741"},{"taxonomy":"product_cat","embeddable":true,"href":"https:\/\/www.cotraneurope.com\/fr\/wp-json\/wp\/v2\/product_cat?post=1741"},{"taxonomy":"product_tag","embeddable":true,"href":"https:\/\/www.cotraneurope.com\/fr\/wp-json\/wp\/v2\/product_tag?post=1741"}],"curies":[{"name":"wp","href":"https:\/\/api.w.org\/{rel}","templated":true}]}}