{"id":1743,"date":"2025-06-30T15:09:28","date_gmt":"2025-06-30T13:09:28","guid":{"rendered":"https:\/\/xenodochial-taussig.212-227-206-74.plesk.page\/?post_type=product&#038;p=1743"},"modified":"2026-04-13T08:21:40","modified_gmt":"2026-04-13T06:21:40","slug":"kit-ressort-de-rechange-pour-coupe-queue","status":"publish","type":"product","link":"https:\/\/www.cotraneurope.com\/fr\/hygiene-soins\/reduction-queue\/kit-ressort-de-rechange-pour-coupe-queue\/","title":{"rendered":"Kit ressort de rechange pour coupe-queue"},"content":{"rendered":"<p>&#8211; Assemblage complet du ressort pour coupe queue STERICUT<br \/>\n&#8211; Pi\u00e8ce maintenant solidairement les 2 parties de la poign\u00e9e et permettant le retour de la pince entre chaque action<br \/>\n&#8211; Pi\u00e8ce d\u2019origine en inox incluant ressort, vis, \u00e9crou et rondelle<\/p>\n","protected":false},"excerpt":{"rendered":"<p>Kit complet de remplacement du ressort pour coupe-queue STERICUT. Permet de remplacer un ressort us\u00e9 et r\u00e9tablir le bon retour du coupe-queue entre chaque op\u00e9ration de caut\u00e9risation.<\/p>\n","protected":false},"featured_media":1744,"comment_status":"closed","ping_status":"closed","template":"","meta":[],"product_brand":[2384],"product_cat":[274,270],"product_tag":[],"class_list":{"0":"post-1743","1":"product","2":"type-product","3":"status-publish","4":"has-post-thumbnail","6":"product_brand-stericut","7":"product_cat-reduction-queue","8":"product_cat-hygiene-soins","9":"has-post-title","10":"has-post-date","11":"has-post-category","12":"has-post-tag","13":"has-post-comment","14":"has-post-author","15":"","17":"first","18":"instock","19":"taxable","20":"shipping-taxable","21":"purchasable","22":"product-type-simple"},"builder_content":"","_links":{"self":[{"href":"https:\/\/www.cotraneurope.com\/fr\/wp-json\/wp\/v2\/product\/1743","targetHints":{"allow":["GET"]}}],"collection":[{"href":"https:\/\/www.cotraneurope.com\/fr\/wp-json\/wp\/v2\/product"}],"about":[{"href":"https:\/\/www.cotraneurope.com\/fr\/wp-json\/wp\/v2\/types\/product"}],"replies":[{"embeddable":true,"href":"https:\/\/www.cotraneurope.com\/fr\/wp-json\/wp\/v2\/comments?post=1743"}],"wp:featuredmedia":[{"embeddable":true,"href":"https:\/\/www.cotraneurope.com\/fr\/wp-json\/wp\/v2\/media\/1744"}],"wp:attachment":[{"href":"https:\/\/www.cotraneurope.com\/fr\/wp-json\/wp\/v2\/media?parent=1743"}],"wp:term":[{"taxonomy":"product_brand","embeddable":true,"href":"https:\/\/www.cotraneurope.com\/fr\/wp-json\/wp\/v2\/product_brand?post=1743"},{"taxonomy":"product_cat","embeddable":true,"href":"https:\/\/www.cotraneurope.com\/fr\/wp-json\/wp\/v2\/product_cat?post=1743"},{"taxonomy":"product_tag","embeddable":true,"href":"https:\/\/www.cotraneurope.com\/fr\/wp-json\/wp\/v2\/product_tag?post=1743"}],"curies":[{"name":"wp","href":"https:\/\/api.w.org\/{rel}","templated":true}]}}