{"id":1745,"date":"2025-06-30T15:00:42","date_gmt":"2025-06-30T13:00:42","guid":{"rendered":"https:\/\/xenodochial-taussig.212-227-206-74.plesk.page\/?post_type=product&#038;p=1745"},"modified":"2025-10-04T08:20:57","modified_gmt":"2025-10-04T06:20:57","slug":"canule-drogueuse-inox","status":"publish","type":"product","link":"https:\/\/www.cotraneurope.com\/fr\/hygiene-soins\/seringues-manuelles-automatiques\/canule-drogueuse-inox\/","title":{"rendered":"Canule drogueuse inox"},"content":{"rendered":"<p>&#8211; Canule en acier inoxydable int\u00e9gral<br \/>\n&#8211; Livr\u00e9e avec joint d\u2019\u00e9tanch\u00e9it\u00e9<br \/>\n&#8211; Extr\u00eamement robuste gr\u00e2ce \u00e0 son embase \u00e9largie<br \/>\n&#8211; Longueur : 12 cm<br \/>\n&#8211; Embout arrondi protecteur<br \/>\n&#8211; Raccord filet\u00e9 compatible avec la majorit\u00e9 des seringues ou pistolets drogueurs standards<\/p>\n","protected":false},"excerpt":{"rendered":"<p>Canule drogueuse en inox de 12 cm con\u00e7ue pour l\u2019administration sans danger de m\u00e9dicaments ou compl\u00e9ments alimentaires liquides aux animaux.<br \/>\nLa canule dispose d\u2019un embout arrondi afin d\u2019\u00e9viter toute blessure pour l\u2019animal pendant l\u2019op\u00e9ration.<br \/>\nElle se fixe sur toute seringue disposant d\u2019un raccord filet\u00e9 standard. La seringue disposant g\u00e9n\u00e9ralement d\u2019un embout luer-lock amovible.<br \/>\nL\u2019embase \u00e9paisse de la canule permet d\u2019\u00e9pouser avec robustesse le point de raccord de la seringue afin d\u2019enfin toute casse en cas de mouvement brusque de l\u2019animal.<\/p>\n","protected":false},"featured_media":1746,"comment_status":"closed","ping_status":"closed","template":"","meta":[],"product_brand":[],"product_cat":[270,272],"product_tag":[],"class_list":{"0":"post-1745","1":"product","2":"type-product","3":"status-publish","4":"has-post-thumbnail","6":"product_cat-hygiene-soins","7":"product_cat-seringues-manuelles-automatiques","8":"has-post-title","9":"has-post-date","10":"has-post-category","11":"has-post-tag","12":"has-post-comment","13":"has-post-author","14":"","16":"first","17":"instock","18":"taxable","19":"shipping-taxable","20":"purchasable","21":"product-type-simple"},"builder_content":"","_links":{"self":[{"href":"https:\/\/www.cotraneurope.com\/fr\/wp-json\/wp\/v2\/product\/1745","targetHints":{"allow":["GET"]}}],"collection":[{"href":"https:\/\/www.cotraneurope.com\/fr\/wp-json\/wp\/v2\/product"}],"about":[{"href":"https:\/\/www.cotraneurope.com\/fr\/wp-json\/wp\/v2\/types\/product"}],"replies":[{"embeddable":true,"href":"https:\/\/www.cotraneurope.com\/fr\/wp-json\/wp\/v2\/comments?post=1745"}],"wp:featuredmedia":[{"embeddable":true,"href":"https:\/\/www.cotraneurope.com\/fr\/wp-json\/wp\/v2\/media\/1746"}],"wp:attachment":[{"href":"https:\/\/www.cotraneurope.com\/fr\/wp-json\/wp\/v2\/media?parent=1745"}],"wp:term":[{"taxonomy":"product_brand","embeddable":true,"href":"https:\/\/www.cotraneurope.com\/fr\/wp-json\/wp\/v2\/product_brand?post=1745"},{"taxonomy":"product_cat","embeddable":true,"href":"https:\/\/www.cotraneurope.com\/fr\/wp-json\/wp\/v2\/product_cat?post=1745"},{"taxonomy":"product_tag","embeddable":true,"href":"https:\/\/www.cotraneurope.com\/fr\/wp-json\/wp\/v2\/product_tag?post=1745"}],"curies":[{"name":"wp","href":"https:\/\/api.w.org\/{rel}","templated":true}]}}