{"id":1747,"date":"2025-04-07T09:45:33","date_gmt":"2025-04-07T07:45:33","guid":{"rendered":"https:\/\/xenodochial-taussig.212-227-206-74.plesk.page\/?post_type=product&#038;p=1747"},"modified":"2025-08-15T12:33:14","modified_gmt":"2025-08-15T10:33:14","slug":"sucettes-dabreuvement","status":"publish","type":"product","link":"https:\/\/www.cotraneurope.com\/fr\/exploitation-materiel-agricole\/sucettes-abreuvement-mouilleurs\/sucettes-dabreuvement\/","title":{"rendered":"Sucettes d\u2019abreuvement"},"content":{"rendered":"<p>&#8211; Gamme de sucettes en inox pour porcs<br \/>\n&#8211; Corps en acier inoxydable 316<br \/>\n&#8211; Filtre anti-d\u00e9bris d\u00e9montable<br \/>\n&#8211; 3 positions de d\u00e9bit r\u00e9glables : 0,8 mm, 1 mm et 2 mm<br \/>\n&#8211; Filetage standard 1\/2&Prime;<br \/>\n&#8211; Pipette actionnable par morsure, mont\u00e9e sur ressort<br \/>\n&#8211; Serrage par cl\u00e9 plate taille 22<\/p>\n","protected":false},"excerpt":{"rendered":"<p>Sucettes d\u2019abreuvement en inox avec filtre anti-d\u00e9bris et molette de r\u00e9glage du d\u00e9bit ajustable sur 3 positions.<br \/>\nLa gamme de sucettes SHARPVET est con\u00e7ue selon les plus hauts standards du march\u00e9.<br \/>\nElle se d\u00e9cline en plusieurs mod\u00e8les permettant d\u2019adapter l\u2019abreuvement en libre-service \u00e0 tous les animaux du porcelet au verrats.<br \/>\nLes sucettes d\u2019abreuvement se connectent \u00e0 votre syst\u00e8me d\u2019abreuvement gr\u00e2ce \u00e0 leur filetage en 1\/2&Prime;.<br \/>\nLes sucettes \u00e0 mordillement permettent une distribution d\u2019eau efficace et sans perte, puisque qu\u2019elle ne se d\u00e9clenchent que lorsque l\u2019animal la mord.<\/p>\n","protected":false},"featured_media":1748,"comment_status":"closed","ping_status":"closed","template":"","meta":[],"product_brand":[1645],"product_cat":[268,258],"product_tag":[],"class_list":{"0":"post-1747","1":"product","2":"type-product","3":"status-publish","4":"has-post-thumbnail","6":"product_brand-sharpflex","7":"product_cat-sucettes-abreuvement-mouilleurs","8":"product_cat-exploitation-materiel-agricole","9":"has-post-title","10":"has-post-date","11":"has-post-category","12":"has-post-tag","13":"has-post-comment","14":"has-post-author","15":"","17":"first","18":"instock","19":"taxable","20":"shipping-taxable","21":"purchasable","22":"product-type-variable"},"builder_content":"","_links":{"self":[{"href":"https:\/\/www.cotraneurope.com\/fr\/wp-json\/wp\/v2\/product\/1747","targetHints":{"allow":["GET"]}}],"collection":[{"href":"https:\/\/www.cotraneurope.com\/fr\/wp-json\/wp\/v2\/product"}],"about":[{"href":"https:\/\/www.cotraneurope.com\/fr\/wp-json\/wp\/v2\/types\/product"}],"replies":[{"embeddable":true,"href":"https:\/\/www.cotraneurope.com\/fr\/wp-json\/wp\/v2\/comments?post=1747"}],"wp:featuredmedia":[{"embeddable":true,"href":"https:\/\/www.cotraneurope.com\/fr\/wp-json\/wp\/v2\/media\/1748"}],"wp:attachment":[{"href":"https:\/\/www.cotraneurope.com\/fr\/wp-json\/wp\/v2\/media?parent=1747"}],"wp:term":[{"taxonomy":"product_brand","embeddable":true,"href":"https:\/\/www.cotraneurope.com\/fr\/wp-json\/wp\/v2\/product_brand?post=1747"},{"taxonomy":"product_cat","embeddable":true,"href":"https:\/\/www.cotraneurope.com\/fr\/wp-json\/wp\/v2\/product_cat?post=1747"},{"taxonomy":"product_tag","embeddable":true,"href":"https:\/\/www.cotraneurope.com\/fr\/wp-json\/wp\/v2\/product_tag?post=1747"}],"curies":[{"name":"wp","href":"https:\/\/api.w.org\/{rel}","templated":true}]}}