{"id":1761,"date":"2025-06-30T14:43:15","date_gmt":"2025-06-30T12:43:15","guid":{"rendered":"https:\/\/xenodochial-taussig.212-227-206-74.plesk.page\/?post_type=product&#038;p=1761"},"modified":"2025-07-05T07:42:56","modified_gmt":"2025-07-05T05:42:56","slug":"epandeur-a-chaux-12-litres","status":"publish","type":"product","link":"https:\/\/www.cotraneurope.com\/fr\/exploitation-materiel-agricole\/epandeurs-litiere\/epandeur-a-chaux-12-litres\/","title":{"rendered":"\u00c9pandeur \u00e0 chaux 12 litres"},"content":{"rendered":"<p>&#8211; Sp\u00e9cialement con\u00e7u pour les poudres hygi\u00e9niques comme la chaux<br \/>\n&#8211; Ouverture r\u00e9glable pour un dosage pr\u00e9cis<br \/>\n&#8211; Permet une r\u00e9partition uniforme du produit<br \/>\n&#8211; Capacit\u00e9 du r\u00e9servoir : 12 litres<br \/>\n&#8211; H\u00e9lice interne raccordable \u00e0 toute perceuse sans-fil sur le march\u00e9<br \/>\n&#8211; Sangle r\u00e9glable pour port \u00e0 l\u2019\u00e9paule<\/p>\n","protected":false},"excerpt":{"rendered":"<p>L\u2019\u00e9pandeur \u00e0 chaux VINK est un outil simple qui permet de prodiguer un \u00e9pandage facilit\u00e9 et r\u00e9gulier de la chaux ou autre poudre hygi\u00e9nique dans les logettes ou boxes des animaux.<br \/>\nL\u2019appareil consiste en un r\u00e9servoir de 12 litres de contenance, d\u2019une h\u00e9lice et d\u2019un canal de sortie permettant de diriger l\u2019\u00e9pandage du produit dans les bonnes proportions.<br \/>\nIl s\u2019actionne intelligemment gr\u00e2ce \u00e0 une perceuse sans-fil standard (non fournie) qui vient se connecter \u00e0 l\u2019h\u00e9lice de m\u00e9lange.<br \/>\nL\u2019appareil est \u00e9quip\u00e9 d\u2019une sangle lui permettant d\u2019\u00eatre port\u00e9 \u00e0 l\u2019\u00e9paule et de lib\u00e9rer les 2 mains.<br \/>\nL\u2019\u00e9pandage de chaux a de nombreuses propri\u00e9t\u00e9s pour garantir le maintien de liti\u00e8res saines pour les animaux (contr\u00f4le de l\u2019humidit\u00e9, r\u00e9duction des odeurs, des pathog\u00e8nes, des parasites et am\u00e9lioration de la d\u00e9composition des mati\u00e8res organiques).<br \/>\nLa chaux contribue \u00e0 maintenir une liti\u00e8re s\u00e8che et moins odorante, et am\u00e9liore le confort et la sant\u00e9 des animaux.<\/p>\n","protected":false},"featured_media":1763,"comment_status":"closed","ping_status":"closed","template":"","meta":[],"product_brand":[],"product_cat":[266,258],"product_tag":[],"class_list":{"0":"post-1761","1":"product","2":"type-product","3":"status-publish","4":"has-post-thumbnail","6":"product_cat-epandeurs-litiere","7":"product_cat-exploitation-materiel-agricole","8":"has-post-title","9":"has-post-date","10":"has-post-category","11":"has-post-tag","12":"has-post-comment","13":"has-post-author","14":"","16":"first","17":"instock","18":"taxable","19":"shipping-taxable","20":"purchasable","21":"product-type-simple"},"builder_content":"","_links":{"self":[{"href":"https:\/\/www.cotraneurope.com\/fr\/wp-json\/wp\/v2\/product\/1761","targetHints":{"allow":["GET"]}}],"collection":[{"href":"https:\/\/www.cotraneurope.com\/fr\/wp-json\/wp\/v2\/product"}],"about":[{"href":"https:\/\/www.cotraneurope.com\/fr\/wp-json\/wp\/v2\/types\/product"}],"replies":[{"embeddable":true,"href":"https:\/\/www.cotraneurope.com\/fr\/wp-json\/wp\/v2\/comments?post=1761"}],"wp:featuredmedia":[{"embeddable":true,"href":"https:\/\/www.cotraneurope.com\/fr\/wp-json\/wp\/v2\/media\/1763"}],"wp:attachment":[{"href":"https:\/\/www.cotraneurope.com\/fr\/wp-json\/wp\/v2\/media?parent=1761"}],"wp:term":[{"taxonomy":"product_brand","embeddable":true,"href":"https:\/\/www.cotraneurope.com\/fr\/wp-json\/wp\/v2\/product_brand?post=1761"},{"taxonomy":"product_cat","embeddable":true,"href":"https:\/\/www.cotraneurope.com\/fr\/wp-json\/wp\/v2\/product_cat?post=1761"},{"taxonomy":"product_tag","embeddable":true,"href":"https:\/\/www.cotraneurope.com\/fr\/wp-json\/wp\/v2\/product_tag?post=1761"}],"curies":[{"name":"wp","href":"https:\/\/api.w.org\/{rel}","templated":true}]}}