{"id":1768,"date":"2025-06-30T14:30:12","date_gmt":"2025-06-30T12:30:12","guid":{"rendered":"https:\/\/xenodochial-taussig.212-227-206-74.plesk.page\/?post_type=product&#038;p=1768"},"modified":"2025-07-05T07:43:15","modified_gmt":"2025-07-05T05:43:15","slug":"epandeur-a-litiere-43-litres","status":"publish","type":"product","link":"https:\/\/www.cotraneurope.com\/fr\/exploitation-materiel-agricole\/epandeurs-litiere\/epandeur-a-litiere-43-litres\/","title":{"rendered":"\u00c9pandeur \u00e0 liti\u00e8re 43 litres"},"content":{"rendered":"<p>&#8211; Sp\u00e9cialement con\u00e7u pour les liti\u00e8res \u00e0 base de copeaux \/ sciure de bois, paille d\u00e9fibr\u00e9e etc.<br \/>\n&#8211; Ouverture r\u00e9glable pour un dosage pr\u00e9cis<br \/>\n&#8211; Permet une projection uniforme<br \/>\n&#8211; Capacit\u00e9 du r\u00e9servoir : 43 litres<br \/>\n&#8211; H\u00e9lice interne raccordable \u00e0 toute perceuse sans-fil sur le march\u00e9<br \/>\n&#8211; Sangle ajustable pour port \u00e0 l\u2019\u00e9paule<\/p>\n","protected":false},"excerpt":{"rendered":"<p>L\u2019\u00e9pandeur \u00e0 liti\u00e8re VINK est un outil simple qui permet de faciliter le renouvellement des liti\u00e8res par \u00e9pandage.<br \/>\nL\u2019appareil est actionn\u00e9 par une perceuse sans-fil (non fournie) et m\u00e9lange et projette le substrat de liti\u00e8re en une seule action.<br \/>\nEn projetant la liti\u00e8re pr\u00e8s du sol il \u00e9vite les projection de poussi\u00e8re.<br \/>\nDe plus sa puissance d\u2019\u00e9pandage permet de r\u00e9partir la liti\u00e8re sans avoir \u00e0 p\u00e9n\u00e9trer dans le boxe de l\u2019animal.<br \/>\nL\u2019appareil consiste en un r\u00e9servoir de 43 litres de contenance, d\u2019une h\u00e9lice et d\u2019un canal de sortie permettant de diriger l\u2019\u00e9pandage du produit dans les bonnes proportions.<br \/>\nIl est \u00e9quip\u00e9 d\u2019une sangle ajustable lui permettant d\u2019\u00eatre port\u00e9 \u00e0 l\u2019\u00e9paule et de lib\u00e9rer les 2 mains.<\/p>\n","protected":false},"featured_media":1769,"comment_status":"closed","ping_status":"closed","template":"","meta":[],"product_brand":[],"product_cat":[266,258],"product_tag":[],"class_list":{"0":"post-1768","1":"product","2":"type-product","3":"status-publish","4":"has-post-thumbnail","6":"product_cat-epandeurs-litiere","7":"product_cat-exploitation-materiel-agricole","8":"has-post-title","9":"has-post-date","10":"has-post-category","11":"has-post-tag","12":"has-post-comment","13":"has-post-author","14":"","16":"first","17":"instock","18":"taxable","19":"shipping-taxable","20":"purchasable","21":"product-type-simple"},"builder_content":"","_links":{"self":[{"href":"https:\/\/www.cotraneurope.com\/fr\/wp-json\/wp\/v2\/product\/1768","targetHints":{"allow":["GET"]}}],"collection":[{"href":"https:\/\/www.cotraneurope.com\/fr\/wp-json\/wp\/v2\/product"}],"about":[{"href":"https:\/\/www.cotraneurope.com\/fr\/wp-json\/wp\/v2\/types\/product"}],"replies":[{"embeddable":true,"href":"https:\/\/www.cotraneurope.com\/fr\/wp-json\/wp\/v2\/comments?post=1768"}],"wp:featuredmedia":[{"embeddable":true,"href":"https:\/\/www.cotraneurope.com\/fr\/wp-json\/wp\/v2\/media\/1769"}],"wp:attachment":[{"href":"https:\/\/www.cotraneurope.com\/fr\/wp-json\/wp\/v2\/media?parent=1768"}],"wp:term":[{"taxonomy":"product_brand","embeddable":true,"href":"https:\/\/www.cotraneurope.com\/fr\/wp-json\/wp\/v2\/product_brand?post=1768"},{"taxonomy":"product_cat","embeddable":true,"href":"https:\/\/www.cotraneurope.com\/fr\/wp-json\/wp\/v2\/product_cat?post=1768"},{"taxonomy":"product_tag","embeddable":true,"href":"https:\/\/www.cotraneurope.com\/fr\/wp-json\/wp\/v2\/product_tag?post=1768"}],"curies":[{"name":"wp","href":"https:\/\/api.w.org\/{rel}","templated":true}]}}