{"id":1770,"date":"2025-06-30T14:24:38","date_gmt":"2025-06-30T12:24:38","guid":{"rendered":"https:\/\/xenodochial-taussig.212-227-206-74.plesk.page\/?post_type=product&#038;p=1770"},"modified":"2025-08-15T12:27:41","modified_gmt":"2025-08-15T10:27:41","slug":"sonde-a-fourrage-humidite-et-temperature","status":"publish","type":"product","link":"https:\/\/www.cotraneurope.com\/fr\/exploitation-materiel-agricole\/sondes-temperature-humidite\/sonde-a-fourrage-humidite-et-temperature\/","title":{"rendered":"Sonde \u00e0 fourrage Humidit\u00e9 et Temp\u00e9rature"},"content":{"rendered":"<p>&#8211; Mesure instantan\u00e9e du taux d\u2019humidit\u00e9<br \/>\n&#8211; Mesure de la temp\u00e9rature<br \/>\n&#8211; Lance en acier inoxydable<br \/>\n&#8211; Boitier \u00e9lectronique \u00e9tanche avec \u00e9cran r\u00e9tro \u00e9clair\u00e9<br \/>\n&#8211; Alimentation pile 6LR61 9V (fournie)<br \/>\n&#8211; Plage de mesure de l\u2019humidit\u00e9 : 0 \u00e0 70%<br \/>\n&#8211; Plage de mesure de la temp\u00e9rature : 0 \u00e0 100 \u00b0C<br \/>\n&#8211; Fonctions avanc\u00e9es de comptage et moyenne<br \/>\n&#8211; Disponible en 4 tailles (longueur utile) : 25, 50, 100 et 200 cm<br \/>\n&#8211; Garantie 5 ans<\/p>\n","protected":false},"excerpt":{"rendered":"<p>Sonde de haute qualit\u00e9, garantie 5 ans avec double capteur : humidit\u00e9 et temp\u00e9rature.<br \/>\nLa sonde \u00e0 fourrage est un outil portatif vous permettant de mesurer instantan\u00e9ment le taux d\u2019humidit\u00e9 et la temp\u00e9rature de vos bottes de fourrage (foin ou paille).<br \/>\nLe taux d\u2019humidit\u00e9 du fourrage est un indicateur crucial pour la pr\u00e9servation de la qualit\u00e9 du fourrage et \u00e9viter les risques d\u2019\u00e9chauffement pouvant conduire \u00e0 une auto-combustion.<br \/>\nGr\u00e2ce \u00e0 sa lance en acier inoxydable, vous pourrez piquer directement la sonde au c\u0153ur de la botte pour avoir une bonne repr\u00e9sentation de l\u2019\u00e9tat du fourrage et son aptitude au stockage.<br \/>\nLe taux d\u2019humidit\u00e9 pr\u00e9sage des bonnes En cas de d\u00e9passement d\u2019une temp\u00e9rature de 55\u00b0C, il est recommand\u00e9 de d\u00e9stocker imm\u00e9diatement les bottes.<br \/>\nLa sonde \u00e0 fourrage 2 en 1 est propos\u00e9e en 4 longueurs : 25 cm, 50 cm, 100 cm et 200 cm. La sonde de 50 cm couvre g\u00e9n\u00e9ralement la majorit\u00e9 des usages.<br \/>\nLa sonde peut \u00e9galement \u00eatre utilis\u00e9e pour la mesure du taux d\u2019humidit\u00e9 dans l\u2019andain, en compressant un \u00e9chantillon au pr\u00e9alable dans un seau.<\/p>\n","protected":false},"featured_media":1771,"comment_status":"closed","ping_status":"closed","template":"","meta":[],"product_brand":[],"product_cat":[258,264],"product_tag":[],"class_list":{"0":"post-1770","1":"product","2":"type-product","3":"status-publish","4":"has-post-thumbnail","6":"product_cat-exploitation-materiel-agricole","7":"product_cat-sondes-temperature-humidite","8":"has-post-title","9":"has-post-date","10":"has-post-category","11":"has-post-tag","12":"has-post-comment","13":"has-post-author","14":"","16":"first","17":"instock","18":"taxable","19":"shipping-taxable","20":"purchasable","21":"product-type-variable"},"builder_content":"","_links":{"self":[{"href":"https:\/\/www.cotraneurope.com\/fr\/wp-json\/wp\/v2\/product\/1770","targetHints":{"allow":["GET"]}}],"collection":[{"href":"https:\/\/www.cotraneurope.com\/fr\/wp-json\/wp\/v2\/product"}],"about":[{"href":"https:\/\/www.cotraneurope.com\/fr\/wp-json\/wp\/v2\/types\/product"}],"replies":[{"embeddable":true,"href":"https:\/\/www.cotraneurope.com\/fr\/wp-json\/wp\/v2\/comments?post=1770"}],"wp:featuredmedia":[{"embeddable":true,"href":"https:\/\/www.cotraneurope.com\/fr\/wp-json\/wp\/v2\/media\/1771"}],"wp:attachment":[{"href":"https:\/\/www.cotraneurope.com\/fr\/wp-json\/wp\/v2\/media?parent=1770"}],"wp:term":[{"taxonomy":"product_brand","embeddable":true,"href":"https:\/\/www.cotraneurope.com\/fr\/wp-json\/wp\/v2\/product_brand?post=1770"},{"taxonomy":"product_cat","embeddable":true,"href":"https:\/\/www.cotraneurope.com\/fr\/wp-json\/wp\/v2\/product_cat?post=1770"},{"taxonomy":"product_tag","embeddable":true,"href":"https:\/\/www.cotraneurope.com\/fr\/wp-json\/wp\/v2\/product_tag?post=1770"}],"curies":[{"name":"wp","href":"https:\/\/api.w.org\/{rel}","templated":true}]}}