{"id":1785,"date":"2025-06-30T14:05:17","date_gmt":"2025-06-30T12:05:17","guid":{"rendered":"https:\/\/xenodochial-taussig.212-227-206-74.plesk.page\/?post_type=product&#038;p=1785"},"modified":"2025-07-05T07:44:17","modified_gmt":"2025-07-05T05:44:17","slug":"sonde-humidimetre-pour-presse-a-balles","status":"publish","type":"product","link":"https:\/\/www.cotraneurope.com\/fr\/exploitation-materiel-agricole\/sondes-temperature-humidite\/sonde-humidimetre-pour-presse-a-balles\/","title":{"rendered":"Sonde humidim\u00e8tre pour presse \u00e0 balles"},"content":{"rendered":"<p>&#8211; Mesure instantan\u00e9e du taux d\u2019humidit\u00e9 pendant le pressage<br \/>\n&#8211; Alimentation du boitier d\u2019affichage via prise 12 ou 24 volts<br \/>\n&#8211; C\u00e2ble de liaison au capteur de 12 m\u00e8tres  en 2 parties avec prise \u00e9tanche<br \/>\n&#8211; Convient \u00e0 toutes les presses sous r\u00e9serve d\u2019un acc\u00e8s \u00e0 l\u2019ext\u00e9rieur et l\u2019int\u00e9rieur de l\u2019emplacement du montage du capteur<br \/>\n&#8211; Garantie 5 ans<\/p>\n","protected":false},"excerpt":{"rendered":"<p>La sonde humidim\u00e8tre pour presse vous permettra de consulter en continu le taux d\u2019humidit\u00e9 de votre fourrage (foin ou paille) au cours du pressage.<br \/>\nLes propri\u00e9t\u00e9s de l\u2019andain n\u2019\u00e9tant jamais homog\u00e8nes sur une m\u00eame parcelle, la sonde vous permettra d\u2019interrompre le pressage si une zone devient trop humide.<br \/>\nLa sonde humidim\u00e8tre pour presse est compos\u00e9e d\u2019un capteur qui s\u2019installe directement dans la chambre de pressage et d\u2019un boitier \u00e9lectronique avec \u00e9cran \u00e0 installer dans la cabine du tracteur.<br \/>\nLes deux dispositifs sont reli\u00e9s par un c\u00e2ble de 12 m\u00e8tres en 2 parties avec raccord \u00e9tanche.<br \/>\nL\u2019appareil prend une mesure du taux d\u2019humidit\u00e9 25 fois par seconde et le restitue selon une moyenne affich\u00e9e au choix toutes les 1, 2 ou 5 secondes.<br \/>\nSur les presses \u00e0 balles rondes, le capteur s\u2019installe dans le tiers inf\u00e9rieur sur la paroi lat\u00e9rale de la chambre de compression ou du hayon.<br \/>\nSur les presses \u00e0 balles carr\u00e9es, le capteur est mont\u00e9 \u00e0 un emplacement libre dans une paroi lat\u00e9rale du canal de presse \u00e0 environ 0,5 m avant la fin du canal de pressage \u00e0 mi hauteur.<\/p>\n","protected":false},"featured_media":1786,"comment_status":"closed","ping_status":"closed","template":"","meta":[],"product_brand":[],"product_cat":[258,264],"product_tag":[],"class_list":{"0":"post-1785","1":"product","2":"type-product","3":"status-publish","4":"has-post-thumbnail","6":"product_cat-exploitation-materiel-agricole","7":"product_cat-sondes-temperature-humidite","8":"has-post-title","9":"has-post-date","10":"has-post-category","11":"has-post-tag","12":"has-post-comment","13":"has-post-author","14":"","16":"first","17":"instock","18":"taxable","19":"shipping-taxable","20":"purchasable","21":"product-type-simple"},"builder_content":"","_links":{"self":[{"href":"https:\/\/www.cotraneurope.com\/fr\/wp-json\/wp\/v2\/product\/1785","targetHints":{"allow":["GET"]}}],"collection":[{"href":"https:\/\/www.cotraneurope.com\/fr\/wp-json\/wp\/v2\/product"}],"about":[{"href":"https:\/\/www.cotraneurope.com\/fr\/wp-json\/wp\/v2\/types\/product"}],"replies":[{"embeddable":true,"href":"https:\/\/www.cotraneurope.com\/fr\/wp-json\/wp\/v2\/comments?post=1785"}],"wp:featuredmedia":[{"embeddable":true,"href":"https:\/\/www.cotraneurope.com\/fr\/wp-json\/wp\/v2\/media\/1786"}],"wp:attachment":[{"href":"https:\/\/www.cotraneurope.com\/fr\/wp-json\/wp\/v2\/media?parent=1785"}],"wp:term":[{"taxonomy":"product_brand","embeddable":true,"href":"https:\/\/www.cotraneurope.com\/fr\/wp-json\/wp\/v2\/product_brand?post=1785"},{"taxonomy":"product_cat","embeddable":true,"href":"https:\/\/www.cotraneurope.com\/fr\/wp-json\/wp\/v2\/product_cat?post=1785"},{"taxonomy":"product_tag","embeddable":true,"href":"https:\/\/www.cotraneurope.com\/fr\/wp-json\/wp\/v2\/product_tag?post=1785"}],"curies":[{"name":"wp","href":"https:\/\/api.w.org\/{rel}","templated":true}]}}