{"id":1790,"date":"2025-06-30T11:51:59","date_gmt":"2025-06-30T09:51:59","guid":{"rendered":"https:\/\/xenodochial-taussig.212-227-206-74.plesk.page\/?post_type=product&#038;p=1790"},"modified":"2025-08-15T12:26:21","modified_gmt":"2025-08-15T10:26:21","slug":"sonde-de-temperature-pour-materiaux-en-vrac","status":"publish","type":"product","link":"https:\/\/www.cotraneurope.com\/fr\/exploitation-materiel-agricole\/sondes-temperature-humidite\/sonde-de-temperature-pour-materiaux-en-vrac\/","title":{"rendered":"Sonde de temp\u00e9rature pour mat\u00e9riaux en vrac"},"content":{"rendered":"<p>&#8211; Sonde disponibles en longueur de 94, 185 et 280 cm<br \/>\n&#8211; Les mod\u00e8les 185 cm et 280 cm sont livr\u00e9s en 2 ou 3 parties qui se raccordent ensemble par vissage<br \/>\n&#8211; Ecran LCD avec caract\u00e8res de 10 mm<br \/>\n&#8211; Sonde tr\u00e8s robuste construction en acier inoxydable<br \/>\n&#8211; Diam\u00e8tre de la sonde : 16 mm<br \/>\n&#8211; Plage de mesure de la temp\u00e9rature : -50\u00b0C \u00e0 +110\u00b0C<br \/>\n&#8211; Alimentation sur pile bouton LR44 (incluse)<br \/>\n&#8211; Pointe en aluminium pour une mesure acc\u00e9l\u00e9r\u00e9e de la temp\u00e9rature<br \/>\n&#8211; Convient \u00e0 tout type de mat\u00e9riaux en vrac<br \/>\n&#8211; Garantie 5 ans<\/p>\n","protected":false},"excerpt":{"rendered":"<p>La sonde de temp\u00e9rature est un appareil enti\u00e8rement en inox, permettant la prise de temp\u00e9rature en profondeur dans une grande vari\u00e9t\u00e9 de mat\u00e9riaux solides, mati\u00e8res humides ou m\u00eame liquides (pour la sonde de 94 cm uniquement).<br \/>\nLa sonde est propos\u00e9e en plusieurs longueurs jusqu\u2019\u00e0 2,80 m\u00e8tres pour s\u2019adapter \u00e0 tous les besoins.<br \/>\nElle permet d\u2019aller sonder la temp\u00e9rature au c\u0153ur de la mati\u00e8re \u00e0 mesurer.<br \/>\nLa sonde permet de contr\u00f4ler l\u2019\u00e9tat du produit au cours de son stockage et de prendre les dispositions n\u00e9cessaires en cas d\u2019\u00e9chauffement pouvant alt\u00e9rer la mati\u00e8re par d\u00e9veloppement bact\u00e9rien, fongique ou l\u2019installation d\u2019insectes.<br \/>\nLa sonde de temp\u00e9rature peut ainsi servir \u00e0 la mesure de la temp\u00e9rature dans le grain, le fourrage, l\u2019ensilage, enrubannage, pellets, copeaux de bois, compost, liquides et bien d\u2019autres applications.<br \/>\nLa prise de temp\u00e9rature se fait \u00e0 la pointe. La section positionn\u00e9e \u00e0 l\u2019extr\u00e9mit\u00e9 de la sonde est parfaitement \u00e9tanche sur 90 cm environ (toute la sonde pour le mod\u00e8le 94cm).<br \/>\nDans le cas des sondes \u00e0 assembler de longueur 185 cm et 280 cm, les jonctions sont \u00e9tanches mais il est d\u00e9conseill\u00e9 d\u2019ins\u00e9rer la sonde au-del\u00e0 de la premi\u00e8re section dans du liquide.<\/p>\n","protected":false},"featured_media":1791,"comment_status":"closed","ping_status":"closed","template":"","meta":[],"product_brand":[],"product_cat":[258,264],"product_tag":[],"class_list":{"0":"post-1790","1":"product","2":"type-product","3":"status-publish","4":"has-post-thumbnail","6":"product_cat-exploitation-materiel-agricole","7":"product_cat-sondes-temperature-humidite","8":"has-post-title","9":"has-post-date","10":"has-post-category","11":"has-post-tag","12":"has-post-comment","13":"has-post-author","14":"","16":"first","17":"instock","18":"taxable","19":"shipping-taxable","20":"purchasable","21":"product-type-variable"},"builder_content":"","_links":{"self":[{"href":"https:\/\/www.cotraneurope.com\/fr\/wp-json\/wp\/v2\/product\/1790","targetHints":{"allow":["GET"]}}],"collection":[{"href":"https:\/\/www.cotraneurope.com\/fr\/wp-json\/wp\/v2\/product"}],"about":[{"href":"https:\/\/www.cotraneurope.com\/fr\/wp-json\/wp\/v2\/types\/product"}],"replies":[{"embeddable":true,"href":"https:\/\/www.cotraneurope.com\/fr\/wp-json\/wp\/v2\/comments?post=1790"}],"wp:featuredmedia":[{"embeddable":true,"href":"https:\/\/www.cotraneurope.com\/fr\/wp-json\/wp\/v2\/media\/1791"}],"wp:attachment":[{"href":"https:\/\/www.cotraneurope.com\/fr\/wp-json\/wp\/v2\/media?parent=1790"}],"wp:term":[{"taxonomy":"product_brand","embeddable":true,"href":"https:\/\/www.cotraneurope.com\/fr\/wp-json\/wp\/v2\/product_brand?post=1790"},{"taxonomy":"product_cat","embeddable":true,"href":"https:\/\/www.cotraneurope.com\/fr\/wp-json\/wp\/v2\/product_cat?post=1790"},{"taxonomy":"product_tag","embeddable":true,"href":"https:\/\/www.cotraneurope.com\/fr\/wp-json\/wp\/v2\/product_tag?post=1790"}],"curies":[{"name":"wp","href":"https:\/\/api.w.org\/{rel}","templated":true}]}}