{"id":1798,"date":"2025-04-07T10:46:51","date_gmt":"2025-04-07T08:46:51","guid":{"rendered":"https:\/\/xenodochial-taussig.212-227-206-74.plesk.page\/?post_type=product&#038;p=1798"},"modified":"2025-07-05T07:45:11","modified_gmt":"2025-07-05T05:45:11","slug":"penetrometre-compactometre-pour-sols","status":"publish","type":"product","link":"https:\/\/www.cotraneurope.com\/fr\/exploitation-materiel-agricole\/penetrometre-compactometre\/penetrometre-compactometre-pour-sols\/","title":{"rendered":"P\u00e9n\u00e9trom\u00e8tre compactom\u00e8tre pour sols"},"content":{"rendered":"<p>&#8211; Construction enti\u00e8rement en inox<br \/>\n&#8211; Longueur utile de mesure : 70 cm de profondeur<br \/>\n&#8211; Manom\u00e8tre m\u00e9canique avec indicateur rapide couleur : vert, jaune, rouge<br \/>\n&#8211; Affichage continu de la pression exerc\u00e9e<br \/>\n&#8211; Unit\u00e9 de mesure d\u00e9taill\u00e9e en PSI (Livre par pouce carr\u00e9)<br \/>\n&#8211; Graduation sur la sonde pour la reconnaissance de la profondeur<br \/>\n&#8211; Inclus une r\u00e9glette de limitation de la profondeur d\u2019insertion<br \/>\n&#8211; Livr\u00e9 avec 2 pointes : 13 mm (sols durs et argileux) et 19,5 mm (sols meubles)<br \/>\n&#8211; Fonctionne sans-pile<br \/>\n&#8211; Garantie 5 ans<\/p>\n","protected":false},"excerpt":{"rendered":"<p>Le p\u00e9n\u00e9trom\u00e8tre compactom\u00e8tre est un outil permettant une analyse des couches du sol sur 70 cm de profondeur afin d\u2019y d\u00e9celer d\u2019\u00e9ventuels tassements qui impactent le bon enracinement de vos cultures.<br \/>\nEn prenant soigneusement des mesures sur l\u2019ensemble de la parcelle, il permettra d\u2019adapter le travail du sol pour supprimer les zones de compaction et favoriser les futurs rendements.<br \/>\nL\u2019appareil enti\u00e8rement m\u00e9canique est dot\u00e9 d\u2019une jauge manom\u00e8tre qui restituera la pression exerc\u00e9e au fur et \u00e0 mesure que vous enfoncerez la sonde dans le sol.<br \/>\nUne \u00e9chelle color\u00e9e vous permettra de d\u00e9tecter en un coup d\u2019\u0153il la p\u00e9n\u00e9tration d\u2019une couche compacte. La graduation inscrite sur la sonde vous indiquera la profondeur \u00e0 laquelle se situe la couche.<br \/>\nLe p\u00e9n\u00e9trom\u00e8tre compactom\u00e8tre est con\u00e7u pour durer. Il est construit enti\u00e8rement en inox et est garanti 5 ans.<br \/>\nDeux embouts sont fournis avec la sonde : Un embout de 13 mm de diam\u00e8tre pour sols durs et argileux et un embout de 19,5 mm de diam\u00e8tre pour sol meuble.<br \/>\nUne r\u00e9glette est \u00e9galement fournie pour fixer la profondeur maximale d\u2019insertion selon vos besoins.<br \/>\nLe moment id\u00e9al pour effectuer les mesures se situe au d\u00e9but du printemps quand  l\u2019humidit\u00e9 des sols est relativement \u00e9lev\u00e9e mais non d\u00e9tremp\u00e9e.<\/p>\n","protected":false},"featured_media":1799,"comment_status":"closed","ping_status":"closed","template":"","meta":[],"product_brand":[],"product_cat":[262,258],"product_tag":[],"class_list":{"0":"post-1798","1":"product","2":"type-product","3":"status-publish","4":"has-post-thumbnail","6":"product_cat-penetrometre-compactometre","7":"product_cat-exploitation-materiel-agricole","8":"has-post-title","9":"has-post-date","10":"has-post-category","11":"has-post-tag","12":"has-post-comment","13":"has-post-author","14":"","16":"first","17":"instock","18":"taxable","19":"shipping-taxable","20":"purchasable","21":"product-type-simple"},"builder_content":"","_links":{"self":[{"href":"https:\/\/www.cotraneurope.com\/fr\/wp-json\/wp\/v2\/product\/1798","targetHints":{"allow":["GET"]}}],"collection":[{"href":"https:\/\/www.cotraneurope.com\/fr\/wp-json\/wp\/v2\/product"}],"about":[{"href":"https:\/\/www.cotraneurope.com\/fr\/wp-json\/wp\/v2\/types\/product"}],"replies":[{"embeddable":true,"href":"https:\/\/www.cotraneurope.com\/fr\/wp-json\/wp\/v2\/comments?post=1798"}],"wp:featuredmedia":[{"embeddable":true,"href":"https:\/\/www.cotraneurope.com\/fr\/wp-json\/wp\/v2\/media\/1799"}],"wp:attachment":[{"href":"https:\/\/www.cotraneurope.com\/fr\/wp-json\/wp\/v2\/media?parent=1798"}],"wp:term":[{"taxonomy":"product_brand","embeddable":true,"href":"https:\/\/www.cotraneurope.com\/fr\/wp-json\/wp\/v2\/product_brand?post=1798"},{"taxonomy":"product_cat","embeddable":true,"href":"https:\/\/www.cotraneurope.com\/fr\/wp-json\/wp\/v2\/product_cat?post=1798"},{"taxonomy":"product_tag","embeddable":true,"href":"https:\/\/www.cotraneurope.com\/fr\/wp-json\/wp\/v2\/product_tag?post=1798"}],"curies":[{"name":"wp","href":"https:\/\/api.w.org\/{rel}","templated":true}]}}