{"id":1801,"date":"2025-06-30T11:28:57","date_gmt":"2025-06-30T09:28:57","guid":{"rendered":"https:\/\/xenodochial-taussig.212-227-206-74.plesk.page\/?post_type=product&#038;p=1801"},"modified":"2025-08-28T07:58:03","modified_gmt":"2025-08-28T05:58:03","slug":"chalumeaux-a-gaz","status":"publish","type":"product","link":"https:\/\/www.cotraneurope.com\/fr\/exploitation-materiel-agricole\/chalumeaux\/chalumeaux-a-gaz\/","title":{"rendered":"Chalumeaux \u00e0 gaz"},"content":{"rendered":"<p>&#8211; Flamme ajustable jusqu\u2019\u00e0 9 cm (220 W) 12 cm (820 W)<br \/>\n&#8211; Puissance de flamme 750 BTU\/h (220 W) 2797 BTU\/h (820 W)<br \/>\n&#8211; Sortie en acier inoxydable<br \/>\n&#8211; Autonomie 60 min (220 W) et 45 min (820 W)<br \/>\n&#8211; Temp\u00e9rature jusqu\u2019\u00e0 1350\u00b0C<br \/>\n&#8211; Allumage s\u00e9curis\u00e9 \u00e0 deux pas<br \/>\n&#8211; Flamme r\u00e9sistant au vent puissant<br \/>\n&#8211; Bouton de r\u00e9glage de la flamme<br \/>\n&#8211; Remplissage en 10 secondes<br \/>\n&#8211; Fen\u00eatre de visualisation du niveau de gaz<br \/>\n&#8211; Allumage pi\u00e9zo-\u00e9lectrique<br \/>\n&#8211; Bouton de mise en s\u00e9curit\u00e9<\/p>\n","protected":false},"excerpt":{"rendered":"<p>Les petits chalumeaux \u00e0 gaz Portasol sont des outils professionnels compacts permettant de r\u00e9aliser des petits travaux tels que : le brasage, la pose de gaines thermo-r\u00e9tractables, le d\u00e9capage de peinture, laque, la chauffe et pliage de m\u00e9taux fins, le retrait de vis, \u00e9crous coinc\u00e9s (rouille, froid), la soudure de raccords de cordes et tuyaux.<br \/>\nIls sont disponibles en deux versions : le mod\u00e8le \u00ab 220 W \u00bb fournissant une flamme jusqu\u2019\u00e0 750 BTU \/ heure, le second, le mod\u00e8le \u00ab 820 W \u00bbfournissant une flamme jusqu\u2019\u00e0 2797 BTU \/ heure.<br \/>\nLa flamme r\u00e9sistante au vent permettra de r\u00e9aliser des travaux en ext\u00e9rieur avec une temp\u00e9rature de chauffe jusqu\u2019\u00e0 1350\u00b0C. La flamme est ajustable et peut s\u2019\u00e9tendre jusqu\u2019\u00e0 une longueur de 9 cm (220 W) et 12 cm (820 W).<br \/>\nLes deux mod\u00e8les b\u00e9n\u00e9ficient d\u2019un allumage automatique \u00e0 pi\u00e9zo-\u00e9lectrique.<br \/>\nLes chalumeaux sont \u00e9conomiques avec leur r\u00e9servoir int\u00e9gr\u00e9 remplissable avec du gaz \u00e0 briquet, procurant une autonomie par recharge jusqu\u2019\u00e0 60 minutes (220 W) et  45 minutes (820 W).<\/p>\n","protected":false},"featured_media":1804,"comment_status":"closed","ping_status":"closed","template":"","meta":[],"product_brand":[],"product_cat":[260,258],"product_tag":[],"class_list":{"0":"post-1801","1":"product","2":"type-product","3":"status-publish","4":"has-post-thumbnail","6":"product_cat-chalumeaux","7":"product_cat-exploitation-materiel-agricole","8":"has-post-title","9":"has-post-date","10":"has-post-category","11":"has-post-tag","12":"has-post-comment","13":"has-post-author","14":"","16":"first","17":"instock","18":"taxable","19":"shipping-taxable","20":"purchasable","21":"product-type-variable"},"builder_content":"","_links":{"self":[{"href":"https:\/\/www.cotraneurope.com\/fr\/wp-json\/wp\/v2\/product\/1801","targetHints":{"allow":["GET"]}}],"collection":[{"href":"https:\/\/www.cotraneurope.com\/fr\/wp-json\/wp\/v2\/product"}],"about":[{"href":"https:\/\/www.cotraneurope.com\/fr\/wp-json\/wp\/v2\/types\/product"}],"replies":[{"embeddable":true,"href":"https:\/\/www.cotraneurope.com\/fr\/wp-json\/wp\/v2\/comments?post=1801"}],"wp:featuredmedia":[{"embeddable":true,"href":"https:\/\/www.cotraneurope.com\/fr\/wp-json\/wp\/v2\/media\/1804"}],"wp:attachment":[{"href":"https:\/\/www.cotraneurope.com\/fr\/wp-json\/wp\/v2\/media?parent=1801"}],"wp:term":[{"taxonomy":"product_brand","embeddable":true,"href":"https:\/\/www.cotraneurope.com\/fr\/wp-json\/wp\/v2\/product_brand?post=1801"},{"taxonomy":"product_cat","embeddable":true,"href":"https:\/\/www.cotraneurope.com\/fr\/wp-json\/wp\/v2\/product_cat?post=1801"},{"taxonomy":"product_tag","embeddable":true,"href":"https:\/\/www.cotraneurope.com\/fr\/wp-json\/wp\/v2\/product_tag?post=1801"}],"curies":[{"name":"wp","href":"https:\/\/api.w.org\/{rel}","templated":true}]}}