{"id":1866,"date":"2025-06-30T11:17:09","date_gmt":"2025-06-30T09:17:09","guid":{"rendered":"https:\/\/xenodochial-taussig.212-227-206-74.plesk.page\/?post_type=product&#038;p=1866"},"modified":"2026-04-13T08:22:41","modified_gmt":"2026-04-13T06:22:41","slug":"kit-pistolet-detourdissement-avec-mallette","status":"publish","type":"product","link":"https:\/\/www.cotraneurope.com\/fr\/pistolets-d-abattage\/kit-pistolet-detourdissement-avec-mallette\/","title":{"rendered":"Kit pistolet d\u2019\u00e9tourdissement avec mallette"},"content":{"rendered":"<p>&#8211; Appareil d\u2019\u00e9tourdissement portable<br \/>\n&#8211; Le moyen le plus simple et le plus s\u00fbr d&rsquo;\u00e9tourdir n&rsquo;importe quel animal d&rsquo;\u00e9levage<br \/>\n&#8211; 1 solide mallette de transport<br \/>\n&#8211; 1 pistolet \u00e9tourdisseur<br \/>\n&#8211; 1 \u00e0 3 bo\u00eetes de cartouches<br \/>\n&#8211; 1 ressort et amortisseur de rechange (pi\u00e8ce d\u2019usure standard)<br \/>\n&#8211; 1 kit de nettoyage<br \/>\n&#8211; 1 bouteille d\u2019huile sp\u00e9ciale nettoyante de 230 ml<br \/>\n&#8211; Ne n\u00e9cessite pas de permis (dans la plupart des pays)<br \/>\n&#8211; Vente interdite aux mineurs<br \/>\n&#8211; Utilisez toujours une puissance de cartouche appropri\u00e9e en fonction de l&rsquo;animal \u00e0 \u00e9tourdir<\/p>\n","protected":false},"excerpt":{"rendered":"<p>Le pistolet d\u2019\u00e9tourdissement Blitz est un appareil qui permet l\u2019anesth\u00e9sie pr\u00e9alable \u00e0 la saign\u00e9e pour la mise mort des animaux d\u2019\u00e9levage, permettant de r\u00e9aliser un abattage s\u00fbr et conforme \u00e0 la l\u00e9gislation en vigueur.<br \/>\nPropos\u00e9 avec plusieurs puissances de cartouches de type balle \u00e0 blanc, c\u2019est un appareil tr\u00e8s polyvalent, permettant l\u2019abattage des ovins, caprins, porcins et bovins jusqu\u2019\u00e0 650 kgs.<br \/>\nL\u2019appareil propulse \u00e0 haute v\u00e9locit\u00e9 une tige p\u00e9n\u00e9trante \u00e0 travers la calotte cr\u00e2nienne de l\u2019animal pour atteindre le centre respiratoire. L\u2019animal s\u2019en retrouve imm\u00e9diatement foudroy\u00e9 permettant sa mise \u00e0 mort par saign\u00e9e sans lui infliger la moindre douleur.<br \/>\nLe kit mallette inclut tout le mat\u00e9riel dont vous avez besoin pour l\u2019utilisation et l\u2019entretien de votre pistolet.<br \/>\nIl est propos\u00e9 dans une solide mallette de rangement, afin de mettre votre appareil \u00e0 l\u2019abri de l\u2019humidit\u00e9 et la poussi\u00e8re et le stocker en s\u00e9curit\u00e9, pratique \u00e9galement pour transporter votre mat\u00e9riel jusqu\u2019au lieu d\u2019abattage.<br \/>\nIl est livr\u00e9 avec : un pistolet d\u2019\u00e9tourdissement Blitz, un kit de brosses de nettoyage, une huile sp\u00e9ciale d\u2019entretien, un ressort et amortisseur de rechange et de 1 \u00e0 3 boites de cartouches au choix.<br \/>\nLe mat\u00e9riel est conforme avec la directive europ\u00e9enne 1099\/2009 relative \u00e0 la protection des animaux au moment de leur mise \u00e0 mort.<\/p>\n","protected":false},"featured_media":1878,"comment_status":"closed","ping_status":"closed","template":"","meta":[],"product_brand":[2385],"product_cat":[256],"product_tag":[],"class_list":{"0":"post-1866","1":"product","2":"type-product","3":"status-publish","4":"has-post-thumbnail","6":"product_brand-blitz","7":"product_cat-pistolets-d-abattage","8":"has-post-title","9":"has-post-date","10":"has-post-category","11":"has-post-tag","12":"has-post-comment","13":"has-post-author","14":"","16":"first","17":"instock","18":"taxable","19":"shipping-taxable","20":"purchasable","21":"product-type-variable"},"builder_content":"","_links":{"self":[{"href":"https:\/\/www.cotraneurope.com\/fr\/wp-json\/wp\/v2\/product\/1866","targetHints":{"allow":["GET"]}}],"collection":[{"href":"https:\/\/www.cotraneurope.com\/fr\/wp-json\/wp\/v2\/product"}],"about":[{"href":"https:\/\/www.cotraneurope.com\/fr\/wp-json\/wp\/v2\/types\/product"}],"replies":[{"embeddable":true,"href":"https:\/\/www.cotraneurope.com\/fr\/wp-json\/wp\/v2\/comments?post=1866"}],"wp:featuredmedia":[{"embeddable":true,"href":"https:\/\/www.cotraneurope.com\/fr\/wp-json\/wp\/v2\/media\/1878"}],"wp:attachment":[{"href":"https:\/\/www.cotraneurope.com\/fr\/wp-json\/wp\/v2\/media?parent=1866"}],"wp:term":[{"taxonomy":"product_brand","embeddable":true,"href":"https:\/\/www.cotraneurope.com\/fr\/wp-json\/wp\/v2\/product_brand?post=1866"},{"taxonomy":"product_cat","embeddable":true,"href":"https:\/\/www.cotraneurope.com\/fr\/wp-json\/wp\/v2\/product_cat?post=1866"},{"taxonomy":"product_tag","embeddable":true,"href":"https:\/\/www.cotraneurope.com\/fr\/wp-json\/wp\/v2\/product_tag?post=1866"}],"curies":[{"name":"wp","href":"https:\/\/api.w.org\/{rel}","templated":true}]}}