{"id":1879,"date":"2025-06-30T11:09:33","date_gmt":"2025-06-30T09:09:33","guid":{"rendered":"https:\/\/xenodochial-taussig.212-227-206-74.plesk.page\/?post_type=product&#038;p=1879"},"modified":"2026-04-13T08:22:58","modified_gmt":"2026-04-13T06:22:58","slug":"pistolet-detourdissement-blitz-boite-carton","status":"publish","type":"product","link":"https:\/\/www.cotraneurope.com\/fr\/pistolets-d-abattage\/pistolet-detourdissement-blitz-boite-carton\/","title":{"rendered":"Pistolet d\u2019\u00e9tourdissement Blitz (bo\u00eete carton)"},"content":{"rendered":"<p>&#8211; Appareil d\u2019\u00e9tourdissement portable<br \/>\n&#8211; Le moyen le plus simple et le plus s\u00fbr d&rsquo;\u00e9tourdir n&rsquo;importe quel animal d&rsquo;\u00e9levage<br \/>\n&#8211; 1 pistolet \u00e9tourdisseur<br \/>\n&#8211; 1 kit de brosses nettoyage<br \/>\n&#8211; Ne n\u00e9cessite pas de permis (dans la plupart des pays)<br \/>\n&#8211; Vente interdite aux mineurs<br \/>\n&#8211; Utilisez toujours une puissance de cartouche appropri\u00e9e en fonction de l&rsquo;animal \u00e0 \u00e9tourdir<\/p>\n","protected":false},"excerpt":{"rendered":"<p>Le pistolet d\u2019\u00e9tourdissement Blitz est un appareil qui permet l\u2019anesth\u00e9sie pr\u00e9alable \u00e0 la saign\u00e9e pour la mise mort des animaux d\u2019\u00e9levage, permettant de r\u00e9aliser un abattage s\u00fbr et conforme \u00e0 la l\u00e9gislation en vigueur.<br \/>\nPropos\u00e9 avec plusieurs puissances de cartouches de type balle \u00e0 blanc, c\u2019est un appareil tr\u00e8s polyvalent, permettant l\u2019abattage des ovins, caprins, porcins et bovins jusqu\u2019\u00e0 650 kgs.<br \/>\nL\u2019appareil propulse \u00e0 haute v\u00e9locit\u00e9 une tige p\u00e9n\u00e9trante \u00e0 travers la calotte cr\u00e2nienne de l\u2019animal pour atteindre le centre respiratoire.<br \/>\nL\u2019animal s\u2019en retrouve imm\u00e9diatement foudroy\u00e9 permettant sa mise \u00e0 mort par saign\u00e9e sans lui infliger la moindre douleur.<br \/>\nIl est livr\u00e9 avec dans sa boite en carton avec : un pistolet d\u2019\u00e9tourdissement Blitz, un kit de brosses de nettoyage.<br \/>\nLe mat\u00e9riel est conforme avec la directive europ\u00e9enne 1099\/2009 relative \u00e0 la protection des animaux au moment de leur mise \u00e0 mort.<\/p>\n","protected":false},"featured_media":1885,"comment_status":"closed","ping_status":"closed","template":"","meta":[],"product_brand":[2385],"product_cat":[256],"product_tag":[],"class_list":{"0":"post-1879","1":"product","2":"type-product","3":"status-publish","4":"has-post-thumbnail","6":"product_brand-blitz","7":"product_cat-pistolets-d-abattage","8":"has-post-title","9":"has-post-date","10":"has-post-category","11":"has-post-tag","12":"has-post-comment","13":"has-post-author","14":"","16":"first","17":"instock","18":"taxable","19":"shipping-taxable","20":"purchasable","21":"product-type-variable"},"builder_content":"","_links":{"self":[{"href":"https:\/\/www.cotraneurope.com\/fr\/wp-json\/wp\/v2\/product\/1879","targetHints":{"allow":["GET"]}}],"collection":[{"href":"https:\/\/www.cotraneurope.com\/fr\/wp-json\/wp\/v2\/product"}],"about":[{"href":"https:\/\/www.cotraneurope.com\/fr\/wp-json\/wp\/v2\/types\/product"}],"replies":[{"embeddable":true,"href":"https:\/\/www.cotraneurope.com\/fr\/wp-json\/wp\/v2\/comments?post=1879"}],"wp:featuredmedia":[{"embeddable":true,"href":"https:\/\/www.cotraneurope.com\/fr\/wp-json\/wp\/v2\/media\/1885"}],"wp:attachment":[{"href":"https:\/\/www.cotraneurope.com\/fr\/wp-json\/wp\/v2\/media?parent=1879"}],"wp:term":[{"taxonomy":"product_brand","embeddable":true,"href":"https:\/\/www.cotraneurope.com\/fr\/wp-json\/wp\/v2\/product_brand?post=1879"},{"taxonomy":"product_cat","embeddable":true,"href":"https:\/\/www.cotraneurope.com\/fr\/wp-json\/wp\/v2\/product_cat?post=1879"},{"taxonomy":"product_tag","embeddable":true,"href":"https:\/\/www.cotraneurope.com\/fr\/wp-json\/wp\/v2\/product_tag?post=1879"}],"curies":[{"name":"wp","href":"https:\/\/api.w.org\/{rel}","templated":true}]}}