{"id":1886,"date":"2025-06-30T11:00:20","date_gmt":"2025-06-30T09:00:20","guid":{"rendered":"https:\/\/xenodochial-taussig.212-227-206-74.plesk.page\/?post_type=product&#038;p=1886"},"modified":"2026-04-13T08:23:01","modified_gmt":"2026-04-13T06:23:01","slug":"cartouches-detourdissement-pour-pistolet-blitz","status":"publish","type":"product","link":"https:\/\/www.cotraneurope.com\/fr\/pistolets-d-abattage\/cartouches-detourdissement-pour-pistolet-blitz\/","title":{"rendered":"Cartouches d\u2019\u00e9tourdissement pour pistolet Blitz"},"content":{"rendered":"<p>&#8211; Cartouches \u00e0 blanc de 9 x 17 mm<br \/>\n&#8211; Livr\u00e9es dans une bo\u00eete de 50 pi\u00e8ces<br \/>\n&#8211; Utilisez la couleur appropri\u00e9e en fonction de l\u2019animal<br \/>\n -Ne convient pas aux volailles et autres petits animaux (lapins\u2026)<br \/>\n&#8211; Les cartouches sont serties de cire pour la conservation<br \/>\n&#8211; Toujours les stocker dans un endroit sec<\/p>\n","protected":false},"excerpt":{"rendered":"<p>Cartouches d\u2019\u00e9tourdissement pour appareil \u00e0 \u00e9tourdir BLITZ. Choisissez la puissance appropri\u00e9e en fonction de l\u2019animal \u00e0 abattre.<br \/>\nLes cartouches \u00e0 blanc sont utilis\u00e9es pour propulser la tige percutante \u00e0 travers la boite cr\u00e2nienne et provoquer sa mort c\u00e9r\u00e9brale.<br \/>\nUtilisez uniquement les cartouches d\u2019origine. En cas de doute sur la puissance n\u00e9cessaire, il est recommand\u00e9 d\u2019utiliser la cartouche de puissance sup\u00e9rieure.<\/p>\n","protected":false},"featured_media":1892,"comment_status":"closed","ping_status":"closed","template":"","meta":[],"product_brand":[2385],"product_cat":[256],"product_tag":[],"class_list":{"0":"post-1886","1":"product","2":"type-product","3":"status-publish","4":"has-post-thumbnail","6":"product_brand-blitz","7":"product_cat-pistolets-d-abattage","8":"has-post-title","9":"has-post-date","10":"has-post-category","11":"has-post-tag","12":"has-post-comment","13":"has-post-author","14":"","16":"first","17":"instock","18":"taxable","19":"shipping-taxable","20":"purchasable","21":"product-type-variable"},"builder_content":"","_links":{"self":[{"href":"https:\/\/www.cotraneurope.com\/fr\/wp-json\/wp\/v2\/product\/1886","targetHints":{"allow":["GET"]}}],"collection":[{"href":"https:\/\/www.cotraneurope.com\/fr\/wp-json\/wp\/v2\/product"}],"about":[{"href":"https:\/\/www.cotraneurope.com\/fr\/wp-json\/wp\/v2\/types\/product"}],"replies":[{"embeddable":true,"href":"https:\/\/www.cotraneurope.com\/fr\/wp-json\/wp\/v2\/comments?post=1886"}],"wp:featuredmedia":[{"embeddable":true,"href":"https:\/\/www.cotraneurope.com\/fr\/wp-json\/wp\/v2\/media\/1892"}],"wp:attachment":[{"href":"https:\/\/www.cotraneurope.com\/fr\/wp-json\/wp\/v2\/media?parent=1886"}],"wp:term":[{"taxonomy":"product_brand","embeddable":true,"href":"https:\/\/www.cotraneurope.com\/fr\/wp-json\/wp\/v2\/product_brand?post=1886"},{"taxonomy":"product_cat","embeddable":true,"href":"https:\/\/www.cotraneurope.com\/fr\/wp-json\/wp\/v2\/product_cat?post=1886"},{"taxonomy":"product_tag","embeddable":true,"href":"https:\/\/www.cotraneurope.com\/fr\/wp-json\/wp\/v2\/product_tag?post=1886"}],"curies":[{"name":"wp","href":"https:\/\/api.w.org\/{rel}","templated":true}]}}