{"id":1903,"date":"2025-06-27T11:45:20","date_gmt":"2025-06-27T09:45:20","guid":{"rendered":"https:\/\/xenodochial-taussig.212-227-206-74.plesk.page\/?post_type=product&#038;p=1903"},"modified":"2026-04-13T08:23:04","modified_gmt":"2026-04-13T06:23:04","slug":"huile-speciale-action-3-en-1-pour-pistolet-detourdissement","status":"publish","type":"product","link":"https:\/\/www.cotraneurope.com\/fr\/pistolets-d-abattage\/huile-speciale-action-3-en-1-pour-pistolet-detourdissement\/","title":{"rendered":"Huile sp\u00e9ciale action 3 en 1 pour pistolet d\u2019\u00e9tourdissement"},"content":{"rendered":"<p>&#8211; Nettoyant et lubrifiant pour poudre noire 3 en 1<br \/>\n&#8211; Contenance : 230 ml<\/p>\n","protected":false},"excerpt":{"rendered":"<p>L\u2019huile sp\u00e9ciale de nettoyage 3 en 1 de Hoppe\u2019s, a \u00e9t\u00e9 sp\u00e9cialement s\u00e9lectionn\u00e9e pour \u00eatre utilis\u00e9e comme nettoyant et lubrifiant efficace pour l\u2019appareil \u00e0 \u00e9tourdir BLITZ.<br \/>\nIl est crucial de nettoyer soigneusement le pistolet \u00e9tourdisseur BLITZ apr\u00e8s chaque utilisation afin d\u2019\u00e9liminer les traces de poudre noire projet\u00e9es \u00e0 l\u2019int\u00e9rieur de l\u2019appareil.<br \/>\nL\u2019huile a une triple action : elle nettoie les r\u00e9sidus de poudre, lubrifie et pr\u00e9vient les d\u00e9p\u00f4ts et la rouille dans le canon et sur les \u00e9l\u00e9ments mobiles.<br \/>\nUn nettoyage et un entretien r\u00e9guliers sont indispensables pour maintenir votre appareil en bon \u00e9tat de fonctionnement et garantir un \u00e9tourdissement efficace.<\/p>\n","protected":false},"featured_media":1904,"comment_status":"closed","ping_status":"closed","template":"","meta":[],"product_brand":[2385],"product_cat":[256],"product_tag":[],"class_list":{"0":"post-1903","1":"product","2":"type-product","3":"status-publish","4":"has-post-thumbnail","6":"product_brand-blitz","7":"product_cat-pistolets-d-abattage","8":"has-post-title","9":"has-post-date","10":"has-post-category","11":"has-post-tag","12":"has-post-comment","13":"has-post-author","14":"","16":"first","17":"instock","18":"taxable","19":"shipping-taxable","20":"purchasable","21":"product-type-simple"},"builder_content":"","_links":{"self":[{"href":"https:\/\/www.cotraneurope.com\/fr\/wp-json\/wp\/v2\/product\/1903","targetHints":{"allow":["GET"]}}],"collection":[{"href":"https:\/\/www.cotraneurope.com\/fr\/wp-json\/wp\/v2\/product"}],"about":[{"href":"https:\/\/www.cotraneurope.com\/fr\/wp-json\/wp\/v2\/types\/product"}],"replies":[{"embeddable":true,"href":"https:\/\/www.cotraneurope.com\/fr\/wp-json\/wp\/v2\/comments?post=1903"}],"wp:featuredmedia":[{"embeddable":true,"href":"https:\/\/www.cotraneurope.com\/fr\/wp-json\/wp\/v2\/media\/1904"}],"wp:attachment":[{"href":"https:\/\/www.cotraneurope.com\/fr\/wp-json\/wp\/v2\/media?parent=1903"}],"wp:term":[{"taxonomy":"product_brand","embeddable":true,"href":"https:\/\/www.cotraneurope.com\/fr\/wp-json\/wp\/v2\/product_brand?post=1903"},{"taxonomy":"product_cat","embeddable":true,"href":"https:\/\/www.cotraneurope.com\/fr\/wp-json\/wp\/v2\/product_cat?post=1903"},{"taxonomy":"product_tag","embeddable":true,"href":"https:\/\/www.cotraneurope.com\/fr\/wp-json\/wp\/v2\/product_tag?post=1903"}],"curies":[{"name":"wp","href":"https:\/\/api.w.org\/{rel}","templated":true}]}}