{"id":1905,"date":"2025-06-27T11:35:01","date_gmt":"2025-06-27T09:35:01","guid":{"rendered":"https:\/\/xenodochial-taussig.212-227-206-74.plesk.page\/?post_type=product&#038;p=1905"},"modified":"2026-04-13T08:23:37","modified_gmt":"2026-04-13T06:23:37","slug":"ressort-et-amortisseur-de-rechange-pistolet-detourdissement","status":"publish","type":"product","link":"https:\/\/www.cotraneurope.com\/fr\/pistolets-d-abattage\/ressort-et-amortisseur-de-rechange-pistolet-detourdissement\/","title":{"rendered":"Ressort et amortisseur de rechange pistolet d&rsquo;\u00e9tourdissement"},"content":{"rendered":"<p>&#8211; Ressort et amortisseur de rechange (pi\u00e8ce d\u2019origine)<\/p>\n<p>&#8211; Dimensions de l&rsquo;amortisseur caoutchouc :<br \/>\ndiam\u00e8tre ext\u00e9rieur: 27,60mm<br \/>\ndiam\u00e8tre int\u00e9rieur: 18 mm<br \/>\nlongueur: 80 mm<\/p>\n<p>&#8211; Dimensions du ressort :<br \/>\ndiam\u00e8tre: 16,70 mm<br \/>\nlongueur: 210 mm<\/p>\n","protected":false},"excerpt":{"rendered":"<p>Ressort et amortisseur de rechange pour pistolet \u00e0 \u00e9tourdir BLITZ (Produit #35-300).<br \/>\nCet ensemble de remplacement s\u2019ins\u00e8re dans le canon autour de la tige p\u00e9n\u00e9trante.<br \/>\nC\u2019est une pi\u00e8ce d\u2019usure courante qu\u2019il faut remplacer lorsque la puissance de l\u2019appareil \u00e0 \u00e9tourdir diminue et\/ou lorsque la tige p\u00e9n\u00e9trante ne rentre plus compl\u00e8tement \u00e0 l\u2019int\u00e9rieur du canon.<\/p>\n","protected":false},"featured_media":1906,"comment_status":"closed","ping_status":"closed","template":"","meta":[],"product_brand":[2385],"product_cat":[256],"product_tag":[],"class_list":{"0":"post-1905","1":"product","2":"type-product","3":"status-publish","4":"has-post-thumbnail","6":"product_brand-blitz","7":"product_cat-pistolets-d-abattage","8":"has-post-title","9":"has-post-date","10":"has-post-category","11":"has-post-tag","12":"has-post-comment","13":"has-post-author","14":"","16":"first","17":"instock","18":"taxable","19":"shipping-taxable","20":"purchasable","21":"product-type-simple"},"builder_content":"","_links":{"self":[{"href":"https:\/\/www.cotraneurope.com\/fr\/wp-json\/wp\/v2\/product\/1905","targetHints":{"allow":["GET"]}}],"collection":[{"href":"https:\/\/www.cotraneurope.com\/fr\/wp-json\/wp\/v2\/product"}],"about":[{"href":"https:\/\/www.cotraneurope.com\/fr\/wp-json\/wp\/v2\/types\/product"}],"replies":[{"embeddable":true,"href":"https:\/\/www.cotraneurope.com\/fr\/wp-json\/wp\/v2\/comments?post=1905"}],"wp:featuredmedia":[{"embeddable":true,"href":"https:\/\/www.cotraneurope.com\/fr\/wp-json\/wp\/v2\/media\/1906"}],"wp:attachment":[{"href":"https:\/\/www.cotraneurope.com\/fr\/wp-json\/wp\/v2\/media?parent=1905"}],"wp:term":[{"taxonomy":"product_brand","embeddable":true,"href":"https:\/\/www.cotraneurope.com\/fr\/wp-json\/wp\/v2\/product_brand?post=1905"},{"taxonomy":"product_cat","embeddable":true,"href":"https:\/\/www.cotraneurope.com\/fr\/wp-json\/wp\/v2\/product_cat?post=1905"},{"taxonomy":"product_tag","embeddable":true,"href":"https:\/\/www.cotraneurope.com\/fr\/wp-json\/wp\/v2\/product_tag?post=1905"}],"curies":[{"name":"wp","href":"https:\/\/api.w.org\/{rel}","templated":true}]}}