{"id":1907,"date":"2025-06-27T11:29:32","date_gmt":"2025-06-27T09:29:32","guid":{"rendered":"https:\/\/xenodochial-taussig.212-227-206-74.plesk.page\/?post_type=product&#038;p=1907"},"modified":"2026-04-13T08:23:42","modified_gmt":"2026-04-13T06:23:42","slug":"tete-complete-du-pistolet-etourdisseur","status":"publish","type":"product","link":"https:\/\/www.cotraneurope.com\/fr\/pistolets-d-abattage\/tete-complete-du-pistolet-etourdisseur\/","title":{"rendered":"T\u00eate compl\u00e8te du pistolet \u00e9tourdisseur"},"content":{"rendered":"<p>&#8211; T\u00eate compl\u00e8te de l\u2019appareil (inclut le percuteur de cartouches)<\/p>\n","protected":false},"excerpt":{"rendered":"<p>T\u00eate compl\u00e8te du pistolet d\u2019\u00e9tourdissement Blitz (mod\u00e8le BK-014). Restaure \u00e0 neuf la capacit\u00e9 de percussion de l\u2019appareil en case de mauvaise percussion de la cartouche.<br \/>\nLa mauvaise percussion peut avoir comme origine un d\u00e9faut du percuteur en lui-m\u00eame ou une g\u00e2chette voil\u00e9e (suite \u00e0 un choc par exemple). La t\u00eate est pr\u00eate \u00e0 l\u2019emploi.<br \/>\nIl suffit de la visser sur l\u2019appareil en remplacement de l\u2019ancienne t\u00eate.<\/p>\n","protected":false},"featured_media":1908,"comment_status":"closed","ping_status":"closed","template":"","meta":[],"product_brand":[2385],"product_cat":[256],"product_tag":[],"class_list":{"0":"post-1907","1":"product","2":"type-product","3":"status-publish","4":"has-post-thumbnail","6":"product_brand-blitz","7":"product_cat-pistolets-d-abattage","8":"has-post-title","9":"has-post-date","10":"has-post-category","11":"has-post-tag","12":"has-post-comment","13":"has-post-author","14":"","16":"first","17":"instock","18":"taxable","19":"shipping-taxable","20":"purchasable","21":"product-type-simple"},"builder_content":"","_links":{"self":[{"href":"https:\/\/www.cotraneurope.com\/fr\/wp-json\/wp\/v2\/product\/1907","targetHints":{"allow":["GET"]}}],"collection":[{"href":"https:\/\/www.cotraneurope.com\/fr\/wp-json\/wp\/v2\/product"}],"about":[{"href":"https:\/\/www.cotraneurope.com\/fr\/wp-json\/wp\/v2\/types\/product"}],"replies":[{"embeddable":true,"href":"https:\/\/www.cotraneurope.com\/fr\/wp-json\/wp\/v2\/comments?post=1907"}],"wp:featuredmedia":[{"embeddable":true,"href":"https:\/\/www.cotraneurope.com\/fr\/wp-json\/wp\/v2\/media\/1908"}],"wp:attachment":[{"href":"https:\/\/www.cotraneurope.com\/fr\/wp-json\/wp\/v2\/media?parent=1907"}],"wp:term":[{"taxonomy":"product_brand","embeddable":true,"href":"https:\/\/www.cotraneurope.com\/fr\/wp-json\/wp\/v2\/product_brand?post=1907"},{"taxonomy":"product_cat","embeddable":true,"href":"https:\/\/www.cotraneurope.com\/fr\/wp-json\/wp\/v2\/product_cat?post=1907"},{"taxonomy":"product_tag","embeddable":true,"href":"https:\/\/www.cotraneurope.com\/fr\/wp-json\/wp\/v2\/product_tag?post=1907"}],"curies":[{"name":"wp","href":"https:\/\/api.w.org\/{rel}","templated":true}]}}