{"id":1911,"date":"2025-06-27T10:49:26","date_gmt":"2025-06-27T08:49:26","guid":{"rendered":"https:\/\/xenodochial-taussig.212-227-206-74.plesk.page\/?post_type=product&#038;p=1911"},"modified":"2026-04-13T08:23:53","modified_gmt":"2026-04-13T06:23:53","slug":"pistolet-detourdissement-pour-volailles-et-lapins-jusqua-25-kgs","status":"publish","type":"product","link":"https:\/\/www.cotraneurope.com\/fr\/pistolets-d-abattage\/pistolet-detourdissement-pour-volailles-et-lapins-jusqua-25-kgs\/","title":{"rendered":"Pistolet d\u2019\u00e9tourdissement pour volailles et lapins jusqu\u2019\u00e0 25 kgs"},"content":{"rendered":"<p>&#8211; Construction aluminium et inox<br \/>\n&#8211; Poids : 1,2 Kgs<br \/>\n&#8211; Force : 14,20 joules<br \/>\n&#8211; Destin\u00e9 \u00e0 l\u2019\u00e9tourdissement des petits rongeurs<br \/>\n&#8211; Jusqu\u2019\u00e0 5 kgs et volailles d&rsquo;engraissement (canards, poules, pigeons, dindes, oies) jusqu\u2019\u00e0<br \/>\n&#8211; 25 kgs environ<br \/>\n&#8211; Fonctionne sans munitions<\/p>\n","protected":false},"excerpt":{"rendered":"<p>Gr\u00e2ce \u00e0 sa puissance de 14 joules, le pistolet d\u2019\u00e9tourdissement pour volailles et lapins permet d\u2019anesth\u00e9sier instantan\u00e9ment toute volaille (poules, canards, pigeons, dindes et oies) et lapins, afin de provoquer leur mort c\u00e9r\u00e9brale et pouvoir r\u00e9aliser leur saignement sans leur provoquer de douleur ni de stress.<br \/>\nCet appareil enti\u00e8rement m\u00e9canique, propulse une tige \u00e0 travers la boite cr\u00e2nienne des volailles, provoquant leur mort c\u00e9r\u00e9brale imm\u00e9diate. Le but \u00e9tant de proc\u00e9der \u00e0 la saign\u00e9e dans la foul\u00e9e.<br \/>\nCette m\u00e9thode d\u2019abattage est conforme \u00e0 la directive europ\u00e9enne 1099\/2009 qui en r\u00e9gule les dispositions, et permet \u00e0 l\u2019utilisateur un abattage rapide et sans d\u00e9convenues.<br \/>\nNote : chez les volailles, des spasmes nerveux peuvent continuer \u00e0 \u00eatre observ\u00e9s, ce qui est normal et n\u2019est pas un signe d\u2019\u00e9tourdissement rat\u00e9.<br \/>\nNous recommandons ce pistolet pour toute les grandes volailles et les lapins. En cas d\u2019abattage des poules uniquement, vous pouvez vous tourner vers le mod\u00e8le alternatif, moins puissant : le \u00ab Pistolet d\u2019\u00e9tourdissement pour poules et petites volailles \u00bb.<\/p>\n","protected":false},"featured_media":1912,"comment_status":"closed","ping_status":"closed","template":"","meta":[],"product_brand":[2385],"product_cat":[256],"product_tag":[],"class_list":{"0":"post-1911","1":"product","2":"type-product","3":"status-publish","4":"has-post-thumbnail","6":"product_brand-blitz","7":"product_cat-pistolets-d-abattage","8":"has-post-title","9":"has-post-date","10":"has-post-category","11":"has-post-tag","12":"has-post-comment","13":"has-post-author","14":"","16":"first","17":"instock","18":"taxable","19":"shipping-taxable","20":"purchasable","21":"product-type-simple"},"builder_content":"","_links":{"self":[{"href":"https:\/\/www.cotraneurope.com\/fr\/wp-json\/wp\/v2\/product\/1911","targetHints":{"allow":["GET"]}}],"collection":[{"href":"https:\/\/www.cotraneurope.com\/fr\/wp-json\/wp\/v2\/product"}],"about":[{"href":"https:\/\/www.cotraneurope.com\/fr\/wp-json\/wp\/v2\/types\/product"}],"replies":[{"embeddable":true,"href":"https:\/\/www.cotraneurope.com\/fr\/wp-json\/wp\/v2\/comments?post=1911"}],"wp:featuredmedia":[{"embeddable":true,"href":"https:\/\/www.cotraneurope.com\/fr\/wp-json\/wp\/v2\/media\/1912"}],"wp:attachment":[{"href":"https:\/\/www.cotraneurope.com\/fr\/wp-json\/wp\/v2\/media?parent=1911"}],"wp:term":[{"taxonomy":"product_brand","embeddable":true,"href":"https:\/\/www.cotraneurope.com\/fr\/wp-json\/wp\/v2\/product_brand?post=1911"},{"taxonomy":"product_cat","embeddable":true,"href":"https:\/\/www.cotraneurope.com\/fr\/wp-json\/wp\/v2\/product_cat?post=1911"},{"taxonomy":"product_tag","embeddable":true,"href":"https:\/\/www.cotraneurope.com\/fr\/wp-json\/wp\/v2\/product_tag?post=1911"}],"curies":[{"name":"wp","href":"https:\/\/api.w.org\/{rel}","templated":true}]}}