{"id":3929,"date":"2025-07-30T11:58:36","date_gmt":"2025-07-30T09:58:36","guid":{"rendered":"https:\/\/xenodochial-taussig.212-227-206-74.plesk.page\/?post_type=product&#038;p=3929"},"modified":"2026-04-12T20:45:07","modified_gmt":"2026-04-12T18:45:07","slug":"barres-de-pesee-avec-indicateur","status":"publish","type":"product","link":"https:\/\/www.cotraneurope.com\/fr\/pesage\/kit-pesage\/barres-de-pesee-avec-indicateur\/","title":{"rendered":"Barres de pes\u00e9e avec indicateur"},"content":{"rendered":"<p>Sp\u00e9cifications<\/p>\n<ul>\n<li>Disponibles en 3 tailles: 60cm, 80cm ou 100cm<\/li>\n<li>Fabrication : acier galvanis\u00e9<\/li>\n<li>Capacit\u00e9 : 4000 kgs de charge nominale, S\u00e9curit\u00e9 de surcharge de 120%<\/li>\n<li>Pr\u00e9cision des cellules +\/- 0,02%, r\u00e9solution de mesure : 0,5 Kg<\/li>\n<li>Pieds r\u00e9glables de 85 \u00e0 100 mm<\/li>\n<li>Cellules IP68 \u00e9tanches \u00e0 l&rsquo;eau et \u00e0 la poussi\u00e8re : pour une utilisation int\u00e9rieure et ext\u00e9rieure<\/li>\n<li>Options d&rsquo;alimentation : sur secteur 230 V ou 2 piles AA de 1,5 V<\/li>\n<li>Mat\u00e9riel garanti 5 ans<\/li>\n<li>Peut \u00eatre assembl\u00e9 pour de nombreuses configurations de pes\u00e9e (pesage de mat\u00e9riels, palettes, animaux&#8230;)<\/li>\n<\/ul>\n<p>Fonctions :<\/p>\n<ul>\n<li>Tare manuelle<\/li>\n<li>Stabilisation auto \u00e0 0<\/li>\n<li>Fonction somme<\/li>\n<li>Mode automatique de pes\u00e9e animale\/mode \u00ab pes\u00e9e d\u2019animal \u00bb<\/li>\n<\/ul>\n","protected":false},"excerpt":{"rendered":"<p>Ce kit de pes\u00e9e tout-en-un, fabriqu\u00e9 en Europe et garanti 5 ans, est d&rsquo;un tr\u00e8s bon rapport qualit\u00e9\/prix. Les kits complets comprennent 2 poutres de pes\u00e9e, 4 m\u00e8tres de c\u00e2ble pour chaque poutre et un indicateur de pes\u00e9e \u00e9tanche (IP67). Les poutres reposent sur 4 cellules de charge, avec une charge nominale de 4000 kg au total (2000 kg par poutre). Le kit de pes\u00e9e est disponibles en 3 tailles diff\u00e9rentes et avec 2 finitions (acier galvanis\u00e9 ou en acier inoxydable). Le kit de pes\u00e9e peut \u00eatre utilis\u00e9 pour des configurations tr\u00e8s vari\u00e9es, en ajoutant une simple plaque m\u00e9tallique ou une construction de plancher plus complexe. Les barres perc\u00e9es de plusieurs trous de fixation \u00e0 leur extr\u00e9mit\u00e9 afin de libre-court \u00e0 votre propre assemblage. Chaque cellule de charge est r\u00e9glable individuellement en hauteur de 85 \u00e0 100 mm, pour compenser les sols in\u00e9gaux.<\/p>\n","protected":false},"featured_media":3933,"comment_status":"closed","ping_status":"closed","template":"","meta":[],"product_brand":[2314],"product_cat":[284,280],"product_tag":[],"class_list":{"0":"post-3929","1":"product","2":"type-product","3":"status-publish","4":"has-post-thumbnail","6":"product_brand-cotran","7":"product_cat-kit-pesage","8":"product_cat-pesage","9":"has-post-title","10":"has-post-date","11":"has-post-category","12":"has-post-tag","13":"has-post-comment","14":"has-post-author","15":"","17":"first","18":"instock","19":"taxable","20":"shipping-taxable","21":"purchasable","22":"product-type-variable"},"builder_content":"","_links":{"self":[{"href":"https:\/\/www.cotraneurope.com\/fr\/wp-json\/wp\/v2\/product\/3929","targetHints":{"allow":["GET"]}}],"collection":[{"href":"https:\/\/www.cotraneurope.com\/fr\/wp-json\/wp\/v2\/product"}],"about":[{"href":"https:\/\/www.cotraneurope.com\/fr\/wp-json\/wp\/v2\/types\/product"}],"replies":[{"embeddable":true,"href":"https:\/\/www.cotraneurope.com\/fr\/wp-json\/wp\/v2\/comments?post=3929"}],"wp:featuredmedia":[{"embeddable":true,"href":"https:\/\/www.cotraneurope.com\/fr\/wp-json\/wp\/v2\/media\/3933"}],"wp:attachment":[{"href":"https:\/\/www.cotraneurope.com\/fr\/wp-json\/wp\/v2\/media?parent=3929"}],"wp:term":[{"taxonomy":"product_brand","embeddable":true,"href":"https:\/\/www.cotraneurope.com\/fr\/wp-json\/wp\/v2\/product_brand?post=3929"},{"taxonomy":"product_cat","embeddable":true,"href":"https:\/\/www.cotraneurope.com\/fr\/wp-json\/wp\/v2\/product_cat?post=3929"},{"taxonomy":"product_tag","embeddable":true,"href":"https:\/\/www.cotraneurope.com\/fr\/wp-json\/wp\/v2\/product_tag?post=3929"}],"curies":[{"name":"wp","href":"https:\/\/api.w.org\/{rel}","templated":true}]}}