{"id":882,"date":"2025-06-27T09:56:41","date_gmt":"2025-06-27T07:56:41","guid":{"rendered":"https:\/\/www.cotraneurope.it-up.tech\/?post_type=product&#038;p=882"},"modified":"2025-08-28T10:12:37","modified_gmt":"2025-08-28T08:12:37","slug":"biberons-veaux","status":"publish","type":"product","link":"https:\/\/www.cotraneurope.com\/fr\/mise-bas-allaitement\/biberons-et-seaux-dallaitement\/biberons-veaux\/","title":{"rendered":"Biberons veaux"},"content":{"rendered":"\r\n<p>Les biberons BESS ont \u00e9t\u00e9 con\u00e7us avec 2 objectifs. Une ergonomie pouss\u00e9e, pour une prise en main ferme et confortable, et une t\u00e9tine innovante garantissant un flux contr\u00f4l\u00e9 et constant pour un allaitement le plus proche possible de l&rsquo;allaitement naturel.<\/p>\r\n\r\n\r\n\r\n<ul class=\"wp-block-list\">\r\n<li>Ergonomique\u00a0: forme \u00e9vas\u00e9e facilitant la prise en main et poign\u00e9e robuste<\/li>\r\n\r\n\r\n\r\n<li>Facile \u00e0 nettoyer\u00a0: poign\u00e9e pleine, sans communication avec le corps du biberon. Double ouverture pour un nettoyage facilit\u00e9 en profondeur<\/li>\r\n\r\n\r\n\r\n<li>T\u00e9tine en silicone de qualit\u00e9 alimentaire avec valve interne qui r\u00e9gule parfaitement le flux du lait pour un allaitement naturel<\/li>\r\n\r\n\r\n\r\n<li>Anti-fuites\u00a0: la valve situ\u00e9e \u00e0 l\u2019int\u00e9rieur de la t\u00e9tine permet de ne laisser passer le lait que lorsque l\u2019animal t\u00e8te, ce m\u00eame si la t\u00e9tine est us\u00e9e ou d\u00e9chir\u00e9e<\/li>\r\n\r\n\r\n\r\n<li>Longue dur\u00e9e de vie\u00a0: nos t\u00e9tines sont con\u00e7ues pour \u00eatre extr\u00eamement durables. Le silicone combin\u00e9 \u00e0 la valve interne permet de prolonger la dur\u00e9e de vie de nos t\u00e9tines bien au-del\u00e0 des t\u00e9tines ordinaires<\/li>\r\n\r\n\r\n\r\n<li>Plastique PEHD garanti sans bisph\u00e9nols A et silicone de grade alimentaire<\/li>\r\n\r\n\r\n\r\n<li>Biberons veaux disponibles en 2 litres, 3 litres et 4 litres<\/li>\r\n\r\n\r\n\r\n<li>3 couleurs de t\u00e9tines au choix\u00a0: Transparente, Rouge ou Rose<\/li>\r\n<\/ul>\r\n\r\n\r\n\r\n<p>Points forts :<\/p>\r\n\r\n\r\n\r\n<ul class=\"wp-block-list\">\r\n<li>Ergonomie\u00a0: forme \u00e9vas\u00e9e permettant une prise \u00e0 pleine main. Doubl\u00e9e d\u2019une poign\u00e9e pour les plus petites mains<\/li>\r\n\r\n\r\n\r\n<li>Hygi\u00e8ne\u00a0: nos biberons ont \u00e9t\u00e9 con\u00e7us pour faciliter leur entretien quotidien. La double ouverture permet un nettoyage profond de haut en bas. L\u2019int\u00e9rieur du biberon est enti\u00e8rement lisse afin d\u2019\u00e9viter d\u2019offrir aux bact\u00e9ries un espace propice \u00e0 leur installation. Enfin, la poign\u00e9e qui constitue souvent un r\u00e9servoir \u00e0 bact\u00e9ries est pleine et sans communication avec le corps de la bouteille.<\/li>\r\n\r\n\r\n\r\n<li>\u00c9coulement proche de l\u2019allaitement naturel\u00a0: flux contr\u00f4l\u00e9 et constant gr\u00e2ce \u00e0 la valve interne. Le lait s\u2019\u00e9coule uniquement lorsque le veau t\u00eate, de mani\u00e8re constante, quelque soit l\u2019\u00e9tat d\u2019usure de la t\u00e9tine.<\/li>\r\n\r\n\r\n\r\n<li>Longue dur\u00e9e de vie\u00a0: biberon en PEHD ultra robuste. T\u00e9tine en silicone avec conception anti-d\u00e9chirure et antifuites.<\/li>\r\n<\/ul>\r\n","protected":false},"excerpt":{"rendered":"<p>Biberon pour veau con\u00e7u ergonomiquement pour une prise en main ferme et confortable. Ouverture par le haut et par le bas pour un remplissage et un nettoyage facile. T\u00e9tine innovante garantissant un flux contr\u00f4l\u00e9 et constant, pour un allaitement proche de l\u2019allaitement naturel. Disponibles en 3 tailles, avec trois coloris de t\u00e9tines.<\/p>\n","protected":false},"featured_media":3155,"comment_status":"open","ping_status":"closed","template":"","meta":[],"product_brand":[],"product_cat":[2313,37],"product_tag":[],"class_list":{"0":"post-882","1":"product","2":"type-product","3":"status-publish","4":"has-post-thumbnail","6":"product_cat-biberons-et-seaux-dallaitement","7":"product_cat-mise-bas-allaitement","8":"has-post-title","9":"has-post-date","10":"has-post-category","11":"has-post-tag","12":"has-post-comment","13":"has-post-author","14":"","16":"first","17":"instock","18":"taxable","19":"shipping-taxable","20":"purchasable","21":"product-type-variable"},"builder_content":"","_links":{"self":[{"href":"https:\/\/www.cotraneurope.com\/fr\/wp-json\/wp\/v2\/product\/882","targetHints":{"allow":["GET"]}}],"collection":[{"href":"https:\/\/www.cotraneurope.com\/fr\/wp-json\/wp\/v2\/product"}],"about":[{"href":"https:\/\/www.cotraneurope.com\/fr\/wp-json\/wp\/v2\/types\/product"}],"replies":[{"embeddable":true,"href":"https:\/\/www.cotraneurope.com\/fr\/wp-json\/wp\/v2\/comments?post=882"}],"wp:featuredmedia":[{"embeddable":true,"href":"https:\/\/www.cotraneurope.com\/fr\/wp-json\/wp\/v2\/media\/3155"}],"wp:attachment":[{"href":"https:\/\/www.cotraneurope.com\/fr\/wp-json\/wp\/v2\/media?parent=882"}],"wp:term":[{"taxonomy":"product_brand","embeddable":true,"href":"https:\/\/www.cotraneurope.com\/fr\/wp-json\/wp\/v2\/product_brand?post=882"},{"taxonomy":"product_cat","embeddable":true,"href":"https:\/\/www.cotraneurope.com\/fr\/wp-json\/wp\/v2\/product_cat?post=882"},{"taxonomy":"product_tag","embeddable":true,"href":"https:\/\/www.cotraneurope.com\/fr\/wp-json\/wp\/v2\/product_tag?post=882"}],"curies":[{"name":"wp","href":"https:\/\/api.w.org\/{rel}","templated":true}]}}