{"id":888,"date":"2025-07-04T17:35:37","date_gmt":"2025-07-04T15:35:37","guid":{"rendered":"https:\/\/www.cotraneurope.it-up.tech\/?post_type=product&#038;p=888"},"modified":"2025-11-08T08:14:30","modified_gmt":"2025-11-08T07:14:30","slug":"tetines-biberons-veaux","status":"publish","type":"product","link":"https:\/\/www.cotraneurope.com\/fr\/mise-bas-allaitement\/biberons-et-seaux-dallaitement\/tetines-biberons-veaux\/","title":{"rendered":"T\u00e9tines biberons Veaux"},"content":{"rendered":"\r\n<ul class=\"wp-block-list\">\r\n<li>T\u00e9tine en silicone de grade alimentaire avec valve interne qui r\u00e9gule parfaitement le flux du lait pour un allaitement naturel<\/li>\r\n\r\n\r\n\r\n<li>\u00c9coulement proche de l\u2019allaitement naturel\u00a0: flux contr\u00f4l\u00e9 et constant gr\u00e2ce \u00e0 la valve interne. Le lait s\u2019\u00e9coule uniquement lorsque le veau t\u00eate, de mani\u00e8re constante, quelque soit l\u2019\u00e9tat d\u2019usure de la t\u00e9tine.<\/li>\r\n\r\n\r\n\r\n<li>Anti-fuites\u00a0: la valve situ\u00e9e \u00e0 l\u2019int\u00e9rieur de la t\u00e9tine permet de ne laisser passer le lait que lorsque l\u2019animal t\u00e8te, ce m\u00eame si la t\u00e9tine est us\u00e9e ou d\u00e9chir\u00e9e<\/li>\r\n\r\n\r\n\r\n<li>Longue dur\u00e9e de vie\u00a0: Le silicone alli\u00e9 \u00e0 la valve interne permet de prolonger la dur\u00e9e de vie de nos t\u00e9tines bien au-del\u00e0 des t\u00e9tines ordinaires<\/li>\r\n\r\n\r\n\r\n<li>3 couleurs de t\u00e9tines au choix\u00a0: Transparente, Rouge ou Rose<\/li>\r\n\r\n\r\n\r\n<li>Le coloris de la t\u00e9tine n\u2019a pas d\u2019influence technique. Cependant la t\u00e9tine transparente permet de visualiser le bon \u00e9coulement du lait lors de l\u2019allaitement et de contr\u00f4ler sa propret\u00e9 plus facilement.<\/li>\r\n<\/ul>\r\n","protected":false},"excerpt":{"rendered":"<p>T\u00e9tine veau de rechange pour biberon BESS. Disponible en 3 couleurs\u00a0: transparente, rouge ou rose.<br \/>Les t\u00e9tines BESS sont con\u00e7ues pour \u00eatre extr\u00eamement durables et procurer un allaitement le plus proche possible de l\u2019allaitement naturel.<br \/>Le coloris de la t\u00e9tine n\u2019a pas d\u2019influence technique. Cependant la t\u00e9tine transparente permet de visualiser le bon \u00e9coulement du lait lors de l\u2019allaitement et de contr\u00f4ler sa propret\u00e9 plus facilement.<\/p>\n","protected":false},"featured_media":3638,"comment_status":"open","ping_status":"closed","template":"","meta":[],"product_brand":[],"product_cat":[2313,37],"product_tag":[],"class_list":{"0":"post-888","1":"product","2":"type-product","3":"status-publish","4":"has-post-thumbnail","6":"product_cat-biberons-et-seaux-dallaitement","7":"product_cat-mise-bas-allaitement","8":"has-post-title","9":"has-post-date","10":"has-post-category","11":"has-post-tag","12":"has-post-comment","13":"has-post-author","14":"","16":"first","17":"instock","18":"taxable","19":"shipping-taxable","20":"purchasable","21":"product-type-variable"},"builder_content":"","_links":{"self":[{"href":"https:\/\/www.cotraneurope.com\/fr\/wp-json\/wp\/v2\/product\/888","targetHints":{"allow":["GET"]}}],"collection":[{"href":"https:\/\/www.cotraneurope.com\/fr\/wp-json\/wp\/v2\/product"}],"about":[{"href":"https:\/\/www.cotraneurope.com\/fr\/wp-json\/wp\/v2\/types\/product"}],"replies":[{"embeddable":true,"href":"https:\/\/www.cotraneurope.com\/fr\/wp-json\/wp\/v2\/comments?post=888"}],"wp:featuredmedia":[{"embeddable":true,"href":"https:\/\/www.cotraneurope.com\/fr\/wp-json\/wp\/v2\/media\/3638"}],"wp:attachment":[{"href":"https:\/\/www.cotraneurope.com\/fr\/wp-json\/wp\/v2\/media?parent=888"}],"wp:term":[{"taxonomy":"product_brand","embeddable":true,"href":"https:\/\/www.cotraneurope.com\/fr\/wp-json\/wp\/v2\/product_brand?post=888"},{"taxonomy":"product_cat","embeddable":true,"href":"https:\/\/www.cotraneurope.com\/fr\/wp-json\/wp\/v2\/product_cat?post=888"},{"taxonomy":"product_tag","embeddable":true,"href":"https:\/\/www.cotraneurope.com\/fr\/wp-json\/wp\/v2\/product_tag?post=888"}],"curies":[{"name":"wp","href":"https:\/\/api.w.org\/{rel}","templated":true}]}}