{"id":923,"date":"2025-07-04T17:30:39","date_gmt":"2025-07-04T15:30:39","guid":{"rendered":"https:\/\/www.cotraneurope.it-up.tech\/?post_type=product&#038;p=923"},"modified":"2026-04-12T09:29:13","modified_gmt":"2026-04-12T07:29:13","slug":"drencher-veau","status":"publish","type":"product","link":"https:\/\/www.cotraneurope.com\/fr\/mise-bas-allaitement\/drencher\/drencher-veau\/","title":{"rendered":"Drencher veau (accessoire pour biberon)"},"content":{"rendered":"\r\n<p>Drencher pour veau con\u00e7u sp\u00e9cialement pour s\u2019adapter aux biberons pour veaux BESS. Disponible comme accessoire aux biberons pour veaux BESS ou en kit complet dans la taille adapt\u00e9e (2L, 3L et 4L). \u00a0Il est propos\u00e9 en 2 coloris pour aider aux rep\u00e9rages de bio-s\u00e9curit\u00e9.<\/p>\r\n\r\n\r\n\r\n<p>Le drencher pour veau BESS permet de fournir de mani\u00e8re s\u00fbre et rapide une aide \u00e0 un animal jeune ou adulte en d\u00e9tresse alimentaire ou hydrique, ou pr\u00e9sentant des sympt\u00f4mes n\u00e9cessitants une compl\u00e9mentation alimentaire.<\/p>\r\n\r\n\r\n\r\n<p>Sa conception repose sur le biberon ergonomique BESS \u00e0 la forme \u00e9vas\u00e9e doubl\u00e9 d\u2019une poign\u00e9e pour une prise en main ferme et confortable, d\u2019un tube en silicone couple d\u2019une m\u00e8tre, et d\u2019une sonde semi-rigide de 50 cm avec embout protecteur en silicone souple.<\/p>\r\n\r\n\r\n\r\n<p>Disponibles comme accessoire seul ou livr\u00e9 en kit complet avec 3 tailles de biberon au choix\u00a0: 2 L, 3 L ou 4 L<\/p>\r\n\r\n\r\n\r\n<p>Ergonomie\u00a0: forme \u00e9vas\u00e9e permettant une prise \u00e0 pleine main. Doubl\u00e9e d\u2019une poign\u00e9e pour les plus petites mains<\/p>\r\n\r\n\r\n\r\n<p>Hygi\u00e8ne\u00a0: La double ouverture permet un nettoyage profond de haut en bas. L\u2019int\u00e9rieur du biberon est enti\u00e8rement lisse afin d\u2019\u00e9viter d\u2019offrir aux bact\u00e9ries un espace propice \u00e0 leur installation. Enfin, la poign\u00e9e qui constitue souvent un r\u00e9servoir \u00e0 bact\u00e9ries est pleine et sans communication avec le corps de la bouteille.<\/p>\r\n\r\n\r\n\r\n<p>Contr\u00f4le du d\u00e9bit\u00a0: le couvercle situ\u00e9 au fond du biberon permet un ajustement du d\u00e9bit au cours de l\u2019op\u00e9ration de drenchage, en permettant de laisser passer plus ou moins d\u2019air.<\/p>\r\n\r\n\r\n\r\n<p>S\u00e9curit\u00e9\u00a0: les \u00e9l\u00e9ments de sondage ont \u00e9t\u00e9 con\u00e7us avec des mat\u00e9riaux souples ou semi-souples facilitant l\u2019op\u00e9ration de drenchage et s\u00e9curisants pour le tube digestif.<\/p>\r\n\r\n\r\n\r\n<p>Disponibles en 2 couleurs\u00a0: jaune et bleu<\/p>\r\n","protected":false},"excerpt":{"rendered":"<p>Le drencher BESS permet de prodiguer rapidement une alimentation ou un compl\u00e9ment d\u2019alimentation aux veaux et bovins adultes et ainsi faire face aux situations critiques pour l\u2019animal (difficult\u00e9s d\u2019alimentation, diarrh\u00e9es, post-partum, d\u00e9shydratation). Il est constitu\u00e9 d\u2019un tube en silicone souple d\u2019un m\u00e8tre et d\u2019une canule semi-rigide de 50 cm avec embout protecteur en silicone souple. Il est disponible en 2 couleurs pour aider aux rep\u00e9rages de bio-s\u00e9curit\u00e9 et est disponible en tant qu\u2019accessoire ou en kit complet incluant le biberon BESS.<\/p>\n","protected":false},"featured_media":3633,"comment_status":"open","ping_status":"closed","template":"","meta":[],"product_brand":[],"product_cat":[2315,37],"product_tag":[],"class_list":{"0":"post-923","1":"product","2":"type-product","3":"status-publish","4":"has-post-thumbnail","6":"product_cat-drencher","7":"product_cat-mise-bas-allaitement","8":"has-post-title","9":"has-post-date","10":"has-post-category","11":"has-post-tag","12":"has-post-comment","13":"has-post-author","14":"","16":"first","17":"instock","18":"taxable","19":"shipping-taxable","20":"purchasable","21":"product-type-variable"},"builder_content":"","_links":{"self":[{"href":"https:\/\/www.cotraneurope.com\/fr\/wp-json\/wp\/v2\/product\/923","targetHints":{"allow":["GET"]}}],"collection":[{"href":"https:\/\/www.cotraneurope.com\/fr\/wp-json\/wp\/v2\/product"}],"about":[{"href":"https:\/\/www.cotraneurope.com\/fr\/wp-json\/wp\/v2\/types\/product"}],"replies":[{"embeddable":true,"href":"https:\/\/www.cotraneurope.com\/fr\/wp-json\/wp\/v2\/comments?post=923"}],"wp:featuredmedia":[{"embeddable":true,"href":"https:\/\/www.cotraneurope.com\/fr\/wp-json\/wp\/v2\/media\/3633"}],"wp:attachment":[{"href":"https:\/\/www.cotraneurope.com\/fr\/wp-json\/wp\/v2\/media?parent=923"}],"wp:term":[{"taxonomy":"product_brand","embeddable":true,"href":"https:\/\/www.cotraneurope.com\/fr\/wp-json\/wp\/v2\/product_brand?post=923"},{"taxonomy":"product_cat","embeddable":true,"href":"https:\/\/www.cotraneurope.com\/fr\/wp-json\/wp\/v2\/product_cat?post=923"},{"taxonomy":"product_tag","embeddable":true,"href":"https:\/\/www.cotraneurope.com\/fr\/wp-json\/wp\/v2\/product_tag?post=923"}],"curies":[{"name":"wp","href":"https:\/\/api.w.org\/{rel}","templated":true}]}}