{"id":940,"date":"2025-07-04T17:10:06","date_gmt":"2025-07-04T15:10:06","guid":{"rendered":"https:\/\/www.cotraneurope.it-up.tech\/?post_type=product&#038;p=940"},"modified":"2026-04-11T09:57:45","modified_gmt":"2026-04-11T07:57:45","slug":"tetines-agneaux-chevreaux","status":"publish","type":"product","link":"https:\/\/www.cotraneurope.com\/fr\/mise-bas-allaitement\/biberons-et-seaux-dallaitement\/tetines-agneaux-chevreaux\/","title":{"rendered":"T\u00e9tine en silicone de grade alimentaire avec valve interne qui r\u00e9gule parfaitement le flux du lait pour un allaitement naturel"},"content":{"rendered":"<p data-start=\"624\" data-end=\"646\"><strong data-start=\"630\" data-end=\"646\">Caract\u00e9ristiques principales<\/strong><\/p>\n<ul data-start=\"647\" data-end=\"1206\">\n<li data-start=\"647\" data-end=\"720\">\n<p data-start=\"649\" data-end=\"720\">\u00c9coulement proche de l\u2019allaitement naturel : flux contr\u00f4l\u00e9 et constant gr\u00e2ce \u00e0 la valve interne. Le lait s\u2019\u00e9coule uniquement lorsque le veau t\u00eate, de mani\u00e8re constante, quelque soit l\u2019\u00e9tat d\u2019usure de la t\u00e9tine.<\/p>\n<\/li>\n<li data-start=\"721\" data-end=\"814\">\n<p data-start=\"723\" data-end=\"814\">Anti-fuites : la valve situ\u00e9e \u00e0 l\u2019int\u00e9rieur de la t\u00e9tine permet de ne laisser passer le lait que lorsque l\u2019animal t\u00e8te, ce m\u00eame si la t\u00e9tine est us\u00e9e ou d\u00e9chir\u00e9e<\/p>\n<\/li>\n<li data-start=\"815\" data-end=\"895\">\n<p data-start=\"817\" data-end=\"895\">Longue dur\u00e9e de vie : Le silicone alli\u00e9 \u00e0 la valve interne permet de prolonger la dur\u00e9e de vie de nos t\u00e9tines bien au-del\u00e0 des t\u00e9tines ordinaires<\/p>\n<\/li>\n<li data-start=\"896\" data-end=\"949\">\n<p data-start=\"898\" data-end=\"949\">4 mod\u00e8les de t\u00e9tines au choix : Transparente 1er \u00e2ge, Transparente 2\u00e8me \u00e2ge, Rouge 1er \u00e2ge et Rouge 2\u00e8me \u00e2ge<\/p>\n<\/li>\n<li data-start=\"950\" data-end=\"1088\">\n<p data-start=\"952\" data-end=\"972\">Le coloris de la t\u00e9tine n\u2019a pas d\u2019influence technique. Cependant la t\u00e9tine transparente permet de visualiser le bon \u00e9coulement du lait lors de l\u2019allaitement et de contr\u00f4ler sa propret\u00e9 plus facilement.<\/p>\n<\/li>\n<li data-start=\"1089\" data-end=\"1206\">\n<p data-start=\"1091\" data-end=\"1111\">Niveaux de fermet\u00e9 : <em data-start=\"1116\" data-end=\"1125\">1er \u00e2ge<\/em> : plus souple pour les jeunes animaux et <em data-start=\"1160\" data-end=\"1169\">2e \u00e2ge<\/em> : plus ferme pour une t\u00e9t\u00e9e plus forte des animaux plus \u00e2g\u00e9s<\/p>\n<\/li>\n<\/ul>\n","protected":false},"excerpt":{"rendered":"<p>T\u00e9tine agneaux et chevreaux de rechange pour biberon BESS. Disponible en 2 couleurs et 2 duret\u00e9s. T\u00e9tine transparente, disponible en 1er et 2\u00e8me \u00e2ge. T\u00e9tine rouge opaque, disponible en 1er et 2\u00e8me \u00e2ge.<br \/>Les t\u00e9tines BESS sont con\u00e7ues pour \u00eatre extr\u00eamement durables et procurer un allaitement le plus proche possible de l\u2019allaitement naturel.<br \/>Le coloris de la t\u00e9tine n\u2019a pas d\u2019influence technique. Cependant la t\u00e9tine transparente permet de visualiser le bon \u00e9coulement du lait lors de l\u2019allaitement et de contr\u00f4ler sa propret\u00e9 plus facilement.   <\/p>\n","protected":false},"featured_media":941,"comment_status":"open","ping_status":"closed","template":"","meta":[],"product_brand":[],"product_cat":[2313,37],"product_tag":[],"class_list":{"0":"post-940","1":"product","2":"type-product","3":"status-publish","4":"has-post-thumbnail","6":"product_cat-biberons-et-seaux-dallaitement","7":"product_cat-mise-bas-allaitement","8":"has-post-title","9":"has-post-date","10":"has-post-category","11":"has-post-tag","12":"has-post-comment","13":"has-post-author","14":"","16":"first","17":"instock","18":"taxable","19":"shipping-taxable","20":"purchasable","21":"product-type-variable"},"builder_content":"","_links":{"self":[{"href":"https:\/\/www.cotraneurope.com\/fr\/wp-json\/wp\/v2\/product\/940","targetHints":{"allow":["GET"]}}],"collection":[{"href":"https:\/\/www.cotraneurope.com\/fr\/wp-json\/wp\/v2\/product"}],"about":[{"href":"https:\/\/www.cotraneurope.com\/fr\/wp-json\/wp\/v2\/types\/product"}],"replies":[{"embeddable":true,"href":"https:\/\/www.cotraneurope.com\/fr\/wp-json\/wp\/v2\/comments?post=940"}],"wp:featuredmedia":[{"embeddable":true,"href":"https:\/\/www.cotraneurope.com\/fr\/wp-json\/wp\/v2\/media\/941"}],"wp:attachment":[{"href":"https:\/\/www.cotraneurope.com\/fr\/wp-json\/wp\/v2\/media?parent=940"}],"wp:term":[{"taxonomy":"product_brand","embeddable":true,"href":"https:\/\/www.cotraneurope.com\/fr\/wp-json\/wp\/v2\/product_brand?post=940"},{"taxonomy":"product_cat","embeddable":true,"href":"https:\/\/www.cotraneurope.com\/fr\/wp-json\/wp\/v2\/product_cat?post=940"},{"taxonomy":"product_tag","embeddable":true,"href":"https:\/\/www.cotraneurope.com\/fr\/wp-json\/wp\/v2\/product_tag?post=940"}],"curies":[{"name":"wp","href":"https:\/\/api.w.org\/{rel}","templated":true}]}}